{"id":5418,"date":"2021-12-28T06:35:45","date_gmt":"2021-12-28T05:35:45","guid":{"rendered":"https:\/\/svaler.local\/?page_id=5418"},"modified":"2025-12-23T15:24:12","modified_gmt":"2025-12-23T14:24:12","slug":"quienes-somos","status":"publish","type":"page","link":"https:\/\/www.valer-f.es\/es\/quienes-somos\/","title":{"rendered":"Quienes Somos"},"content":{"rendered":"\t\t<div data-elementor-type=\"wp-page\" data-elementor-id=\"5418\" class=\"elementor elementor-5418\" data-elementor-post-type=\"page\">\n\t\t\t\t\t\t<section class=\"elementor-section elementor-top-section elementor-element elementor-element-84093bf elementor-section-height-min-height elementor-section-stretched header-img-bk-img elementor-section-boxed elementor-section-height-default elementor-section-items-middle elementor-invisible\" data-id=\"84093bf\" data-element_type=\"section\" data-e-type=\"section\" data-settings=\"{&quot;background_background&quot;:&quot;classic&quot;,&quot;background_motion_fx_motion_fx_scrolling&quot;:&quot;yes&quot;,&quot;background_motion_fx_translateY_effect&quot;:&quot;yes&quot;,&quot;background_motion_fx_translateY_direction&quot;:&quot;negative&quot;,&quot;animation&quot;:&quot;fadeIn&quot;,&quot;stretch_section&quot;:&quot;section-stretched&quot;,&quot;animation_delay&quot;:200,&quot;background_motion_fx_translateY_speed&quot;:{&quot;unit&quot;:&quot;px&quot;,&quot;size&quot;:4,&quot;sizes&quot;:[]},&quot;background_motion_fx_translateY_affectedRange&quot;:{&quot;unit&quot;:&quot;%&quot;,&quot;size&quot;:&quot;&quot;,&quot;sizes&quot;:{&quot;start&quot;:0,&quot;end&quot;:100}},&quot;background_motion_fx_devices&quot;:[&quot;desktop&quot;,&quot;tablet&quot;,&quot;mobile&quot;]}\">\n\t\t\t\t\t\t\t<div class=\"elementor-background-overlay\"><\/div>\n\t\t\t\t\t\t\t<div class=\"elementor-container elementor-column-gap-default\">\n\t\t\t\t\t<div class=\"elementor-column elementor-col-100 elementor-top-column elementor-element elementor-element-73f554a\" data-id=\"73f554a\" data-element_type=\"column\" data-e-type=\"column\">\n\t\t\t<div class=\"elementor-widget-wrap\">\n\t\t\t\t\t\t\t<\/div>\n\t\t<\/div>\n\t\t\t\t\t<\/div>\n\t\t<\/section>\n\t\t\t\t<section class=\"elementor-section elementor-top-section elementor-element elementor-element-c8d3a1c elementor-section-full_width elementor-section-stretched elementor-section-height-default elementor-section-height-default elementor-invisible\" data-id=\"c8d3a1c\" data-element_type=\"section\" data-e-type=\"section\" data-settings=\"{&quot;background_background&quot;:&quot;classic&quot;,&quot;animation&quot;:&quot;fadeIn&quot;,&quot;stretch_section&quot;:&quot;section-stretched&quot;,&quot;animation_delay&quot;:200}\">\n\t\t\t\t\t\t<div class=\"elementor-container elementor-column-gap-default\">\n\t\t\t\t\t<div class=\"elementor-column elementor-col-100 elementor-top-column elementor-element elementor-element-480aa7e\" data-id=\"480aa7e\" data-element_type=\"column\" data-e-type=\"column\">\n\t\t\t<div class=\"elementor-widget-wrap elementor-element-populated\">\n\t\t\t\t\t\t<div class=\"elementor-element elementor-element-690d281 header-img-page-title elementor-widget elementor-widget-heading\" data-id=\"690d281\" data-element_type=\"widget\" data-e-type=\"widget\" data-widget_type=\"heading.default\">\n\t\t\t\t<div class=\"elementor-widget-container\">\n\t\t\t\t\t<h1 class=\"elementor-heading-title elementor-size-default\">Quienes Somos<\/h1>\t\t\t\t<\/div>\n\t\t\t\t<\/div>\n\t\t\t\t\t<\/div>\n\t\t<\/div>\n\t\t\t\t\t<\/div>\n\t\t<\/section>\n\t\t\t\t<section class=\"elementor-section elementor-top-section elementor-element elementor-element-c41deeb elementor-section-boxed elementor-section-height-default elementor-section-height-default\" data-id=\"c41deeb\" data-element_type=\"section\" data-e-type=\"section\">\n\t\t\t\t\t\t<div class=\"elementor-container elementor-column-gap-default\">\n\t\t\t\t\t<div class=\"elementor-column elementor-col-100 elementor-top-column elementor-element elementor-element-5bdb6e5\" data-id=\"5bdb6e5\" data-element_type=\"column\" data-e-type=\"column\">\n\t\t\t<div class=\"elementor-widget-wrap elementor-element-populated\">\n\t\t\t\t\t\t<div class=\"elementor-element elementor-element-f3437e4 elementor-widget elementor-widget-text-editor\" data-id=\"f3437e4\" data-element_type=\"widget\" data-e-type=\"widget\" data-widget_type=\"text-editor.default\">\n\t\t\t\t<div class=\"elementor-widget-container\">\n\t\t\t\t\t\t\t\t\t<h2>ValER, Fundaci\u00f3n de la Comunitat Valenciana de Investigaci\u00f3n de Excelencia<\/h2>\t\t\t\t\t\t\t\t<\/div>\n\t\t\t\t<\/div>\n\t\t\t\t<div class=\"elementor-element elementor-element-621e894 elementor-widget elementor-widget-text-editor\" data-id=\"621e894\" data-element_type=\"widget\" data-e-type=\"widget\" data-widget_type=\"text-editor.default\">\n\t\t\t\t<div class=\"elementor-widget-container\">\n\t\t\t\t\t\t\t\t\t<p>La Fundaci\u00f3n de la Comunitat Valenciana de Investigaci\u00f3n de Excelencia o Valencian Foundation for Excellence in Research, fue creada por la Generalitat Valenciana en 2021 con el fin de fortalecer el Sistema Valenciano de Ciencia e Investigaci\u00f3n (SVCI), mediante la atracci\u00f3n y consolidaci\u00f3n de personas investigadoras de todo el mundo.<\/p><p>El contexto actual cient\u00edfico y acad\u00e9mico est\u00e1 marcado por una competitividad necesaria que conduce a la excelencia y permite dar respuesta a los problemas actuales de la sociedad. Por ese motivo, ValER plantea nuevas formas de contrataci\u00f3n capaces de competir con sistemas de investigaci\u00f3n de otros pa\u00edses y de ese modo atraer a personal cient\u00edfico y acad\u00e9mico del m\u00e1s alto nivel.<\/p><p>Asimismo, ValER ofrece contratos permanentes a investigadores de todo el mundo para desarrollar su carrera profesional en la Comunitat Valenciana, esa contrataci\u00f3n se llevar\u00e1 a cabo mediante concursos p\u00fablicos en r\u00e9gimen de concurrencia competitiva a nivel internacional, en los que el criterio de valoraci\u00f3n es la excelencia investigadora.<\/p><p>ValER es una instituci\u00f3n abierta que trabaja junto con las Universidades y Centros de Investigaci\u00f3n de la Comunitat Valenciana.\u00a0 En este sentido, ValER integrar\u00e1 a su personal investigador en el sistema de investigaci\u00f3n valenciano.<\/p><p>Con la creaci\u00f3n de ValER, la Generalitat Valenciana complementa las pol\u00edticas de captaci\u00f3n de talento que viene desarrollando a trav\u00e9s de programas como el Plan GenT mediante la contrataci\u00f3n de j\u00f3venes investigadores con una trayectoria internacional reconocida. Este tipo de iniciativas sirven para reforzar nuestro sistema de ciencia e investigaci\u00f3n, objetivo prioritario del gobierno valenciano.<\/p>\t\t\t\t\t\t\t\t<\/div>\n\t\t\t\t<\/div>\n\t\t\t\t\t<\/div>\n\t\t<\/div>\n\t\t\t\t\t<\/div>\n\t\t<\/section>\n\t\t\t\t<\/div>\n\t\t","protected":false},"excerpt":{"rendered":"<p>ValER, Fundaci\u00f3n de la Comunitat Valenciana de Investigaci\u00f3n de Excelencia La Fundaci\u00f3n de la Comunitat Valenciana de Investigaci\u00f3n de Excelencia o Valencian Foundation for Excellence in Research, fue creada por la Generalitat Valenciana en 2021 con el fin de fortalecer el Sistema Valenciano de Ciencia e Investigaci\u00f3n (SVCI), mediante la atracci\u00f3n y consolidaci\u00f3n de personas&hellip;<\/p>\n","protected":false},"author":3,"featured_media":7052,"parent":0,"menu_order":0,"comment_status":"closed","ping_status":"closed","template":"","meta":{"footnotes":""},"class_list":["post-5418","page","type-page","status-publish","has-post-thumbnail","hentry"],"_links":{"self":[{"href":"https:\/\/www.valer-f.es\/es\/wp-json\/wp\/v2\/pages\/5418","targetHints":{"allow":["GET"]}}],"collection":[{"href":"https:\/\/www.valer-f.es\/es\/wp-json\/wp\/v2\/pages"}],"about":[{"href":"https:\/\/www.valer-f.es\/es\/wp-json\/wp\/v2\/types\/page"}],"author":[{"embeddable":true,"href":"https:\/\/www.valer-f.es\/es\/wp-json\/wp\/v2\/users\/3"}],"replies":[{"embeddable":true,"href":"https:\/\/www.valer-f.es\/es\/wp-json\/wp\/v2\/comments?post=5418"}],"version-history":[{"count":0,"href":"https:\/\/www.valer-f.es\/es\/wp-json\/wp\/v2\/pages\/5418\/revisions"}],"wp:featuredmedia":[{"embeddable":true,"href":"https:\/\/www.valer-f.es\/es\/wp-json\/wp\/v2\/media\/7052"}],"wp:attachment":[{"href":"https:\/\/www.valer-f.es\/es\/wp-json\/wp\/v2\/media?parent=5418"}],"curies":[{"name":"wp","href":"https:\/\/api.w.org\/{rel}","templated":true}]}}