{"id":3536,"date":"2021-12-15T17:05:18","date_gmt":"2021-12-15T16:05:18","guid":{"rendered":"https:\/\/svaler.local\/?page_id=3536"},"modified":"2025-05-06T08:47:08","modified_gmt":"2025-05-06T06:47:08","slug":"consejo-cientifico-asesor","status":"publish","type":"page","link":"https:\/\/www.valer-f.es\/es\/estructura-organizativa\/consejo-cientifico-asesor\/","title":{"rendered":"Consejo Cient\u00edfico Asesor"},"content":{"rendered":"\t\t<div data-elementor-type=\"wp-page\" data-elementor-id=\"3536\" class=\"elementor elementor-3536\" data-elementor-post-type=\"page\">\n\t\t\t\t\t\t<section class=\"elementor-section elementor-top-section elementor-element elementor-element-c59a030 elementor-section-boxed elementor-section-height-default elementor-section-height-default\" data-id=\"c59a030\" data-element_type=\"section\" data-e-type=\"section\">\n\t\t\t\t\t\t<div class=\"elementor-container elementor-column-gap-default\">\n\t\t\t\t\t<div class=\"elementor-column elementor-col-100 elementor-top-column elementor-element elementor-element-4004118\" data-id=\"4004118\" data-element_type=\"column\" data-e-type=\"column\">\n\t\t\t<div class=\"elementor-widget-wrap elementor-element-populated\">\n\t\t\t\t\t\t<div class=\"elementor-element elementor-element-b03fe42 elementor-widget elementor-widget-text-editor\" data-id=\"b03fe42\" data-element_type=\"widget\" data-e-type=\"widget\" data-widget_type=\"text-editor.default\">\n\t\t\t\t<div class=\"elementor-widget-container\">\n\t\t\t\t\t\t\t\t\t<p>El Consejo Cient\u00edfico Asesor de ValER est\u00e1 presidido por el titular de la Direcci\u00f3n Cient\u00edfica y un n\u00famero m\u00ednimo de cinco y un m\u00e1ximo de nueve miembros, nombrados por el Patronato a propuesta de la Presidencia de la Fundaci\u00f3n entre personas de reconocido prestigio en el mundo cient\u00edfico.<\/p>\n<p>Corresponden al Consejo Cient\u00edfico Asesor las siguientes funciones:<\/p>\t\t\t\t\t\t\t\t<\/div>\n\t\t\t\t<\/div>\n\t\t\t\t<div class=\"elementor-element elementor-element-3515db3 organos-asesores-lista elementor-widget elementor-widget-text-editor\" data-id=\"3515db3\" data-element_type=\"widget\" data-e-type=\"widget\" data-widget_type=\"text-editor.default\">\n\t\t\t\t<div class=\"elementor-widget-container\">\n\t\t\t\t\t\t\t\t\t<ul><li>Identificar las l\u00edneas de investigaci\u00f3n estrat\u00e9gicas para la Comunitat Valenciana.<\/li><li>Asesorar al Patronato en lo referente a los objetivos cient\u00edficos de la Fundaci\u00f3n.<\/li><li>Proponer la composici\u00f3n de los comit\u00e9s de evaluaci\u00f3n.<\/li><li>Establecer los criterios para los procedimientos de selecci\u00f3n para la contrataci\u00f3n de personal cient\u00edfico.<\/li><\/ul>\t\t\t\t\t\t\t\t<\/div>\n\t\t\t\t<\/div>\n\t\t\t\t\t<\/div>\n\t\t<\/div>\n\t\t\t\t\t<\/div>\n\t\t<\/section>\n\t\t\t\t<section class=\"elementor-section elementor-top-section elementor-element elementor-element-eca839c section-miembros-consejo-cientifico-asesor elementor-section-boxed elementor-section-height-default elementor-section-height-default\" data-id=\"eca839c\" data-element_type=\"section\" data-e-type=\"section\">\n\t\t\t\t\t\t<div class=\"elementor-container elementor-column-gap-wide\">\n\t\t\t\t\t<div class=\"elementor-column elementor-col-33 elementor-top-column elementor-element elementor-element-0387f0f\" data-id=\"0387f0f\" data-element_type=\"column\" data-e-type=\"column\">\n\t\t\t<div class=\"elementor-widget-wrap elementor-element-populated\">\n\t\t\t\t\t\t<div class=\"elementor-element elementor-element-cd078e5 elementor-widget elementor-widget-image\" data-id=\"cd078e5\" data-element_type=\"widget\" data-e-type=\"widget\" data-widget_type=\"image.default\">\n\t\t\t\t<div class=\"elementor-widget-container\">\n\t\t\t\t\t\t\t\t\t\t\t\t\t\t\t\t<a href=\"https:\/\/www.ucm.es\/valletregigroup\" target=\"_blank\" rel=\"nofollow\">\n\t\t\t\t\t\t\t<img fetchpriority=\"high\" decoding=\"async\" width=\"350\" height=\"350\" src=\"data:image\/svg+xml;charset=utf-8,%3Csvg xmlns%3D'http%3A%2F%2Fwww.w3.org%2F2000%2Fsvg' viewBox%3D'0 0 350 350'%2F%3E\" data-src=\"https:\/\/www.valer-f.es\/wp-content\/uploads\/2021\/12\/Maria-Vallet-Regi.png\" class=\"lazy-load attachment-full size-full wp-image-3685\" alt=\"Maria Vallet Reg\u00ed\" data-srcset=\"https:\/\/www.valer-f.es\/wp-content\/uploads\/2021\/12\/Maria-Vallet-Regi.png 350w, https:\/\/www.valer-f.es\/wp-content\/uploads\/2021\/12\/Maria-Vallet-Regi-300x300.png 300w, https:\/\/www.valer-f.es\/wp-content\/uploads\/2021\/12\/Maria-Vallet-Regi-150x150.png 150w\" sizes=\"(max-width: 350px) 100vw, 350px\" \/>\t\t\t\t\t\t\t\t<\/a>\n\t\t\t\t\t\t\t\t\t\t\t\t\t\t\t<\/div>\n\t\t\t\t<\/div>\n\t\t\t\t<section class=\"elementor-section elementor-inner-section elementor-element elementor-element-08963f9 consejo-cientifico-asesor-item-txt-container consejo-cientifico-asesor-item-txt-container-1st-row elementor-section-boxed elementor-section-height-default elementor-section-height-default\" data-id=\"08963f9\" data-element_type=\"section\" data-e-type=\"section\" data-settings=\"{&quot;background_background&quot;:&quot;classic&quot;}\">\n\t\t\t\t\t\t<div class=\"elementor-container elementor-column-gap-no\">\n\t\t\t\t\t<div class=\"elementor-column elementor-col-100 elementor-inner-column elementor-element elementor-element-cd1cf6d\" data-id=\"cd1cf6d\" data-element_type=\"column\" data-e-type=\"column\">\n\t\t\t<div class=\"elementor-widget-wrap elementor-element-populated\">\n\t\t\t\t\t\t<div class=\"elementor-element elementor-element-93c694d elementor-widget elementor-widget-text-editor\" data-id=\"93c694d\" data-element_type=\"widget\" data-e-type=\"widget\" data-widget_type=\"text-editor.default\">\n\t\t\t\t<div class=\"elementor-widget-container\">\n\t\t\t\t\t\t\t\t\t<a href=\"https:\/\/www.ucm.es\/valletregigroup\" target=\"_blank\" rel=\"noopener\">Prof. Maria Vallet Reg\u00ed<\/a>\t\t\t\t\t\t\t\t<\/div>\n\t\t\t\t<\/div>\n\t\t\t\t<div class=\"elementor-element elementor-element-a4e40f5 elementor-widget elementor-widget-text-editor\" data-id=\"a4e40f5\" data-element_type=\"widget\" data-e-type=\"widget\" data-widget_type=\"text-editor.default\">\n\t\t\t\t<div class=\"elementor-widget-container\">\n\t\t\t\t\t\t\t\t\t<p>Catedr\u00e1tica de Qu\u00edmica Inorg\u00e1nica de la<br \/>Universidad Complutense de Madrid<\/p><p>Premio Nacional de Investigaci\u00f3n <br \/>en Ingenier\u00eda <br \/>Premio Rei Jaume I de Investigaci\u00f3n <br \/>B\u00e1sica<\/p>\t\t\t\t\t\t\t\t<\/div>\n\t\t\t\t<\/div>\n\t\t\t\t\t<\/div>\n\t\t<\/div>\n\t\t\t\t\t<\/div>\n\t\t<\/section>\n\t\t\t\t\t<\/div>\n\t\t<\/div>\n\t\t\t\t<div class=\"elementor-column elementor-col-33 elementor-top-column elementor-element elementor-element-36ea01a\" data-id=\"36ea01a\" data-element_type=\"column\" data-e-type=\"column\">\n\t\t\t<div class=\"elementor-widget-wrap elementor-element-populated\">\n\t\t\t\t\t\t<div class=\"elementor-element elementor-element-d70bc18 elementor-widget elementor-widget-image\" data-id=\"d70bc18\" data-element_type=\"widget\" data-e-type=\"widget\" data-widget_type=\"image.default\">\n\t\t\t\t<div class=\"elementor-widget-container\">\n\t\t\t\t\t\t\t\t\t\t\t\t\t\t\t\t<a href=\"https:\/\/www.idaea.csic.es\/person\/xavier-querol\/\" target=\"_blank\" rel=\"nofollow\">\n\t\t\t\t\t\t\t<img loading=\"lazy\" decoding=\"async\" width=\"350\" height=\"350\" class=\"lazy-load \" src=\"data:image\/svg+xml;charset=utf-8,%3Csvg xmlns%3D'http%3A%2F%2Fwww.w3.org%2F2000%2Fsvg' viewBox%3D'0 0 350 350'%2F%3E\" data-src=\"https:\/\/www.valer-f.es\/wp-content\/uploads\/elementor\/thumbs\/Xavier-Querol-pllnl3do1ia2ecua11mlfbb3vz6lav7jf26qn7zmss.png\" title=\"Xavier Querol Carceller\" alt=\"Xavier Querol Carceller\" loading=\"lazy\" \/>\t\t\t\t\t\t\t\t<\/a>\n\t\t\t\t\t\t\t\t\t\t\t\t\t\t\t<\/div>\n\t\t\t\t<\/div>\n\t\t\t\t<section class=\"elementor-section elementor-inner-section elementor-element elementor-element-48538ba consejo-cientifico-asesor-item-txt-container consejo-cientifico-asesor-item-txt-container-1st-row elementor-section-boxed elementor-section-height-default elementor-section-height-default\" data-id=\"48538ba\" data-element_type=\"section\" data-e-type=\"section\" data-settings=\"{&quot;background_background&quot;:&quot;classic&quot;}\">\n\t\t\t\t\t\t<div class=\"elementor-container elementor-column-gap-no\">\n\t\t\t\t\t<div class=\"elementor-column elementor-col-100 elementor-inner-column elementor-element elementor-element-554a71f\" data-id=\"554a71f\" data-element_type=\"column\" data-e-type=\"column\">\n\t\t\t<div class=\"elementor-widget-wrap elementor-element-populated\">\n\t\t\t\t\t\t<div class=\"elementor-element elementor-element-e7ee9e6 elementor-widget elementor-widget-text-editor\" data-id=\"e7ee9e6\" data-element_type=\"widget\" data-e-type=\"widget\" data-widget_type=\"text-editor.default\">\n\t\t\t\t<div class=\"elementor-widget-container\">\n\t\t\t\t\t\t\t\t\t<a href=\"https:\/\/www.idaea.csic.es\/person\/xavier-querol\/\" target=\"_blank\" rel=\"noopener\">Prof. Xavier Querol Carceller<\/a>\t\t\t\t\t\t\t\t<\/div>\n\t\t\t\t<\/div>\n\t\t\t\t<div class=\"elementor-element elementor-element-ad7d81d elementor-widget elementor-widget-text-editor\" data-id=\"ad7d81d\" data-element_type=\"widget\" data-e-type=\"widget\" data-widget_type=\"text-editor.default\">\n\t\t\t\t<div class=\"elementor-widget-container\">\n\t\t\t\t\t\t\t\t\t<p>Profesor de Investigaci\u00f3n del CSIC<br \/>Instituto de Diagn\u00f3stico Ambiental y Estudios del Agua (IDAEA) de Barcelona<\/p><p>Premio Nacional de Investigaci\u00f3n en Ciencias y Tecnolog\u00edas de los Recursos Naturales <br \/>Premio\u00a0 Rei Jaume I de Protecci\u00f3n del Medio Ambiente<\/p>\t\t\t\t\t\t\t\t<\/div>\n\t\t\t\t<\/div>\n\t\t\t\t\t<\/div>\n\t\t<\/div>\n\t\t\t\t\t<\/div>\n\t\t<\/section>\n\t\t\t\t\t<\/div>\n\t\t<\/div>\n\t\t\t\t<div class=\"elementor-column elementor-col-33 elementor-top-column elementor-element elementor-element-ab43209\" data-id=\"ab43209\" data-element_type=\"column\" data-e-type=\"column\">\n\t\t\t<div class=\"elementor-widget-wrap elementor-element-populated\">\n\t\t\t\t\t\t<div class=\"elementor-element elementor-element-a80a2fe elementor-widget elementor-widget-image\" data-id=\"a80a2fe\" data-element_type=\"widget\" data-e-type=\"widget\" data-widget_type=\"image.default\">\n\t\t\t\t<div class=\"elementor-widget-container\">\n\t\t\t\t\t\t\t\t\t\t\t\t\t\t\t\t<a href=\"https:\/\/www.kuleuven.be\/wieiswie\/en\/person\/00005697\" target=\"_blank\" rel=\"nofollow\">\n\t\t\t\t\t\t\t<img decoding=\"async\" width=\"350\" height=\"350\" src=\"data:image\/svg+xml;charset=utf-8,%3Csvg xmlns%3D'http%3A%2F%2Fwww.w3.org%2F2000%2Fsvg' viewBox%3D'0 0 350 350'%2F%3E\" data-src=\"https:\/\/www.valer-f.es\/wp-content\/uploads\/2021\/12\/Reinhilde-Veugelers.png\" class=\"lazy-load attachment-full size-full wp-image-3691\" alt=\"Reinhilde Veugelers\" data-srcset=\"https:\/\/www.valer-f.es\/wp-content\/uploads\/2021\/12\/Reinhilde-Veugelers.png 350w, https:\/\/www.valer-f.es\/wp-content\/uploads\/2021\/12\/Reinhilde-Veugelers-300x300.png 300w, https:\/\/www.valer-f.es\/wp-content\/uploads\/2021\/12\/Reinhilde-Veugelers-150x150.png 150w\" sizes=\"(max-width: 350px) 100vw, 350px\" \/>\t\t\t\t\t\t\t\t<\/a>\n\t\t\t\t\t\t\t\t\t\t\t\t\t\t\t<\/div>\n\t\t\t\t<\/div>\n\t\t\t\t<section class=\"elementor-section elementor-inner-section elementor-element elementor-element-3f1c11f consejo-cientifico-asesor-item-txt-container consejo-cientifico-asesor-item-txt-container-1st-row elementor-section-boxed elementor-section-height-default elementor-section-height-default\" data-id=\"3f1c11f\" data-element_type=\"section\" data-e-type=\"section\" data-settings=\"{&quot;background_background&quot;:&quot;classic&quot;}\">\n\t\t\t\t\t\t<div class=\"elementor-container elementor-column-gap-no\">\n\t\t\t\t\t<div class=\"elementor-column elementor-col-100 elementor-inner-column elementor-element elementor-element-c4cf534\" data-id=\"c4cf534\" data-element_type=\"column\" data-e-type=\"column\">\n\t\t\t<div class=\"elementor-widget-wrap elementor-element-populated\">\n\t\t\t\t\t\t<div class=\"elementor-element elementor-element-0de1368 elementor-widget elementor-widget-text-editor\" data-id=\"0de1368\" data-element_type=\"widget\" data-e-type=\"widget\" data-widget_type=\"text-editor.default\">\n\t\t\t\t<div class=\"elementor-widget-container\">\n\t\t\t\t\t\t\t\t\t<a href=\"https:\/\/www.kuleuven.be\/wieiswie\/en\/person\/00005697\" target=\"_blank\" rel=\"noopener\">Prof. Reinhilde Veugelers<\/a>\t\t\t\t\t\t\t\t<\/div>\n\t\t\t\t<\/div>\n\t\t\t\t<div class=\"elementor-element elementor-element-67c060b elementor-widget elementor-widget-text-editor\" data-id=\"67c060b\" data-element_type=\"widget\" data-e-type=\"widget\" data-widget_type=\"text-editor.default\">\n\t\t\t\t<div class=\"elementor-widget-container\">\n\t\t\t\t\t\t\t\t\t<p>Catedr\u00e1tica de Econom\u00eda y Negocios de la<br \/>Universidad Cat\u00f3lica de Lovaina (B\u00e9lgica)<\/p><p>Asesora en la Comisi\u00f3n Europea <br \/>(BEPA Bureau of European <br \/>Policy Analysis)<\/p>\t\t\t\t\t\t\t\t<\/div>\n\t\t\t\t<\/div>\n\t\t\t\t\t<\/div>\n\t\t<\/div>\n\t\t\t\t\t<\/div>\n\t\t<\/section>\n\t\t\t\t\t<\/div>\n\t\t<\/div>\n\t\t\t\t\t<\/div>\n\t\t<\/section>\n\t\t\t\t<section class=\"elementor-section elementor-top-section elementor-element elementor-element-8481811 section-miembros-consejo-cientifico-asesor elementor-section-boxed elementor-section-height-default elementor-section-height-default\" data-id=\"8481811\" data-element_type=\"section\" data-e-type=\"section\">\n\t\t\t\t\t\t<div class=\"elementor-container elementor-column-gap-wide\">\n\t\t\t\t\t<div class=\"elementor-column elementor-col-33 elementor-top-column elementor-element elementor-element-1d57321\" data-id=\"1d57321\" data-element_type=\"column\" data-e-type=\"column\">\n\t\t\t<div class=\"elementor-widget-wrap elementor-element-populated\">\n\t\t\t\t\t\t<div class=\"elementor-element elementor-element-2a24c3a elementor-widget elementor-widget-image\" data-id=\"2a24c3a\" data-element_type=\"widget\" data-e-type=\"widget\" data-widget_type=\"image.default\">\n\t\t\t\t<div class=\"elementor-widget-container\">\n\t\t\t\t\t\t\t\t\t\t\t\t\t\t\t\t<a href=\"https:\/\/www.hhs.k-state.edu\/fndh\/people\/faculty\/echambers\/\" target=\"_blank\" rel=\"nofollow\">\n\t\t\t\t\t\t\t<img loading=\"lazy\" decoding=\"async\" width=\"350\" height=\"350\" class=\"lazy-load \" src=\"data:image\/svg+xml;charset=utf-8,%3Csvg xmlns%3D'http%3A%2F%2Fwww.w3.org%2F2000%2Fsvg' viewBox%3D'0 0 350 350'%2F%3E\" data-src=\"https:\/\/www.valer-f.es\/wp-content\/uploads\/elementor\/thumbs\/Edgar-Chambers-pllnl3do1ia2ecua11mlfbb3vz6lav7jf26qn7zmss.png\" title=\"Edgar Chambers IV\" alt=\"Edgar Chambers IV\" loading=\"lazy\" \/>\t\t\t\t\t\t\t\t<\/a>\n\t\t\t\t\t\t\t\t\t\t\t\t\t\t\t<\/div>\n\t\t\t\t<\/div>\n\t\t\t\t<section class=\"elementor-section elementor-inner-section elementor-element elementor-element-ff9c93a consejo-cientifico-asesor-item-txt-container consejo-cientifico-asesor-item-txt-container-2nd-row elementor-section-boxed elementor-section-height-default elementor-section-height-default\" data-id=\"ff9c93a\" data-element_type=\"section\" data-e-type=\"section\" data-settings=\"{&quot;background_background&quot;:&quot;classic&quot;}\">\n\t\t\t\t\t\t<div class=\"elementor-container elementor-column-gap-no\">\n\t\t\t\t\t<div class=\"elementor-column elementor-col-100 elementor-inner-column elementor-element elementor-element-089bb52\" data-id=\"089bb52\" data-element_type=\"column\" data-e-type=\"column\">\n\t\t\t<div class=\"elementor-widget-wrap elementor-element-populated\">\n\t\t\t\t\t\t<div class=\"elementor-element elementor-element-d88f86f elementor-widget elementor-widget-text-editor\" data-id=\"d88f86f\" data-element_type=\"widget\" data-e-type=\"widget\" data-widget_type=\"text-editor.default\">\n\t\t\t\t<div class=\"elementor-widget-container\">\n\t\t\t\t\t\t\t\t\t<a href=\"https:\/\/www.hhs.k-state.edu\/fndh\/people\/faculty\/echambers\/\" target=\"_blank\" rel=\"noopener\">Prof. Edgar Chambers IV<\/a>\t\t\t\t\t\t\t\t<\/div>\n\t\t\t\t<\/div>\n\t\t\t\t<div class=\"elementor-element elementor-element-e984376 elementor-widget elementor-widget-text-editor\" data-id=\"e984376\" data-element_type=\"widget\" data-e-type=\"widget\" data-widget_type=\"text-editor.default\">\n\t\t\t\t<div class=\"elementor-widget-container\">\n\t\t\t\t\t\t\t\t\t<p>Profesor Distinguido<br \/>Departamento de Alimentos, Nutrici\u00f3n, Diet\u00e9tica y Salud<br \/>Universidad de Kansas (EE. UU.)<\/p><p>Premio David R. Peryam sobre <br \/>evaluaci\u00f3n sensorial<\/p>\t\t\t\t\t\t\t\t<\/div>\n\t\t\t\t<\/div>\n\t\t\t\t\t<\/div>\n\t\t<\/div>\n\t\t\t\t\t<\/div>\n\t\t<\/section>\n\t\t\t\t\t<\/div>\n\t\t<\/div>\n\t\t\t\t<div class=\"elementor-column elementor-col-33 elementor-top-column elementor-element elementor-element-93b0532\" data-id=\"93b0532\" data-element_type=\"column\" data-e-type=\"column\">\n\t\t\t<div class=\"elementor-widget-wrap elementor-element-populated\">\n\t\t\t\t\t\t<div class=\"elementor-element elementor-element-0e13d80 elementor-widget elementor-widget-image\" data-id=\"0e13d80\" data-element_type=\"widget\" data-e-type=\"widget\" data-widget_type=\"image.default\">\n\t\t\t\t<div class=\"elementor-widget-container\">\n\t\t\t\t\t\t\t\t\t\t\t\t\t\t\t\t<a href=\"https:\/\/www.ehu.eus\/es\/web\/doktoregoa\/doctorado-psicologia\/profesorado?p_redirect=fichaPDI&#038;p_idp=3802\" target=\"_blank\" rel=\"nofollow\">\n\t\t\t\t\t\t\t<img decoding=\"async\" width=\"350\" height=\"350\" src=\"data:image\/svg+xml;charset=utf-8,%3Csvg xmlns%3D'http%3A%2F%2Fwww.w3.org%2F2000%2Fsvg' viewBox%3D'0 0 350 350'%2F%3E\" data-src=\"https:\/\/www.valer-f.es\/wp-content\/uploads\/2021\/12\/Nekane-Balluerka.png\" class=\"lazy-load attachment-full size-full wp-image-3688\" alt=\"Nekane Balluerka\" data-srcset=\"https:\/\/www.valer-f.es\/wp-content\/uploads\/2021\/12\/Nekane-Balluerka.png 350w, https:\/\/www.valer-f.es\/wp-content\/uploads\/2021\/12\/Nekane-Balluerka-300x300.png 300w, https:\/\/www.valer-f.es\/wp-content\/uploads\/2021\/12\/Nekane-Balluerka-150x150.png 150w\" sizes=\"(max-width: 350px) 100vw, 350px\" \/>\t\t\t\t\t\t\t\t<\/a>\n\t\t\t\t\t\t\t\t\t\t\t\t\t\t\t<\/div>\n\t\t\t\t<\/div>\n\t\t\t\t<section class=\"elementor-section elementor-inner-section elementor-element elementor-element-05d4a60 consejo-cientifico-asesor-item-txt-container consejo-cientifico-asesor-item-txt-container-2nd-row elementor-section-boxed elementor-section-height-default elementor-section-height-default\" data-id=\"05d4a60\" data-element_type=\"section\" data-e-type=\"section\" data-settings=\"{&quot;background_background&quot;:&quot;classic&quot;}\">\n\t\t\t\t\t\t<div class=\"elementor-container elementor-column-gap-no\">\n\t\t\t\t\t<div class=\"elementor-column elementor-col-100 elementor-inner-column elementor-element elementor-element-03d7fc2\" data-id=\"03d7fc2\" data-element_type=\"column\" data-e-type=\"column\">\n\t\t\t<div class=\"elementor-widget-wrap elementor-element-populated\">\n\t\t\t\t\t\t<div class=\"elementor-element elementor-element-f019121 elementor-widget elementor-widget-text-editor\" data-id=\"f019121\" data-element_type=\"widget\" data-e-type=\"widget\" data-widget_type=\"text-editor.default\">\n\t\t\t\t<div class=\"elementor-widget-container\">\n\t\t\t\t\t\t\t\t\t<a href=\"https:\/\/www.ehu.eus\/es\/web\/doktoregoa\/doctorado-psicologia\/profesorado?p_redirect=fichaPDI&amp;p_idp=3802\" target=\"_blank\" rel=\"noopener\">Prof. Nekane Balluerka<\/a>\t\t\t\t\t\t\t\t<\/div>\n\t\t\t\t<\/div>\n\t\t\t\t<div class=\"elementor-element elementor-element-f417832 elementor-widget elementor-widget-text-editor\" data-id=\"f417832\" data-element_type=\"widget\" data-e-type=\"widget\" data-widget_type=\"text-editor.default\">\n\t\t\t\t<div class=\"elementor-widget-container\">\n\t\t\t\t\t\t\t\t\t<p>Catedr\u00e1tica de Metodolog\u00eda de las Ciencias del Comportamiento de la Universidad del Pa\u00eds Vasco.<br \/>Premio Euskadi de Investigaci\u00f3n 2021.<br \/>Presidenta de la Asociaci\u00f3n Espa\u00f1ola de Metodolog\u00eda de las Ciencias del Comportamiento (AEMCCO)<\/p>\t\t\t\t\t\t\t\t<\/div>\n\t\t\t\t<\/div>\n\t\t\t\t\t<\/div>\n\t\t<\/div>\n\t\t\t\t\t<\/div>\n\t\t<\/section>\n\t\t\t\t\t<\/div>\n\t\t<\/div>\n\t\t\t\t<div class=\"elementor-column elementor-col-33 elementor-top-column elementor-element elementor-element-3e38b31\" data-id=\"3e38b31\" data-element_type=\"column\" data-e-type=\"column\">\n\t\t\t<div class=\"elementor-widget-wrap elementor-element-populated\">\n\t\t\t\t\t\t<div class=\"elementor-element elementor-element-b816252 elementor-widget elementor-widget-image\" data-id=\"b816252\" data-element_type=\"widget\" data-e-type=\"widget\" data-widget_type=\"image.default\">\n\t\t\t\t<div class=\"elementor-widget-container\">\n\t\t\t\t\t\t\t\t\t\t\t\t\t\t\t\t<a href=\"https:\/\/www.ehu.eus\/es\/web\/doktoregoa\/doctorado-psicologia\/profesorado?p_redirect=fichaPDI&#038;p_idp=3802\" target=\"_blank\" rel=\"nofollow\">\n\t\t\t\t\t\t\t<img loading=\"lazy\" decoding=\"async\" width=\"350\" height=\"350\" src=\"data:image\/svg+xml;charset=utf-8,%3Csvg xmlns%3D'http%3A%2F%2Fwww.w3.org%2F2000%2Fsvg' viewBox%3D'0 0 350 350'%2F%3E\" data-src=\"https:\/\/www.valer-f.es\/wp-content\/uploads\/2025\/01\/prof-inigo-c.png\" class=\"lazy-load attachment-full size-full wp-image-12941\" alt=\"\" data-srcset=\"https:\/\/www.valer-f.es\/wp-content\/uploads\/2025\/01\/prof-inigo-c.png 350w, https:\/\/www.valer-f.es\/wp-content\/uploads\/2025\/01\/prof-inigo-c-300x300.png 300w, https:\/\/www.valer-f.es\/wp-content\/uploads\/2025\/01\/prof-inigo-c-150x150.png 150w\" sizes=\"(max-width: 350px) 100vw, 350px\" \/>\t\t\t\t\t\t\t\t<\/a>\n\t\t\t\t\t\t\t\t\t\t\t\t\t\t\t<\/div>\n\t\t\t\t<\/div>\n\t\t\t\t<section class=\"elementor-section elementor-inner-section elementor-element elementor-element-1a445d3 consejo-cientifico-asesor-item-txt-container consejo-cientifico-asesor-item-txt-container-2nd-row elementor-section-boxed elementor-section-height-default elementor-section-height-default\" data-id=\"1a445d3\" data-element_type=\"section\" data-e-type=\"section\" data-settings=\"{&quot;background_background&quot;:&quot;classic&quot;}\">\n\t\t\t\t\t\t<div class=\"elementor-container elementor-column-gap-no\">\n\t\t\t\t\t<div class=\"elementor-column elementor-col-100 elementor-inner-column elementor-element elementor-element-3ff9153\" data-id=\"3ff9153\" data-element_type=\"column\" data-e-type=\"column\">\n\t\t\t<div class=\"elementor-widget-wrap elementor-element-populated\">\n\t\t\t\t\t\t<div class=\"elementor-element elementor-element-5a1478f elementor-widget elementor-widget-text-editor\" data-id=\"5a1478f\" data-element_type=\"widget\" data-e-type=\"widget\" data-widget_type=\"text-editor.default\">\n\t\t\t\t<div class=\"elementor-widget-container\">\n\t\t\t\t\t\t\t\t\t<a href=\"https:\/\/ihcantabria.com\/directorio-personal\/inigo-losada\/\" target=\"_blank\" rel=\"noopener\">Prof. I\u00f1igo J. Losada Rodr\u00edguez<\/a>\t\t\t\t\t\t\t\t<\/div>\n\t\t\t\t<\/div>\n\t\t\t\t<div class=\"elementor-element elementor-element-efae471 elementor-widget elementor-widget-text-editor\" data-id=\"efae471\" data-element_type=\"widget\" data-e-type=\"widget\" data-widget_type=\"text-editor.default\">\n\t\t\t\t<div class=\"elementor-widget-container\">\n\t\t\t\t\t\t\t\t\t<p>Catedr\u00e1tico de Ingenier\u00eda Hidr\u00e1ulica de la Universidad de Cantabria<\/p>\n<p>Premio Nacional de Investigaci\u00f3n en Ingenier\u00eda y Arquitectura<\/p>\n<p>Premio Rei Jaume I de Protecci\u00f3n del Medio Ambiente<\/p>\t\t\t\t\t\t\t\t<\/div>\n\t\t\t\t<\/div>\n\t\t\t\t\t<\/div>\n\t\t<\/div>\n\t\t\t\t\t<\/div>\n\t\t<\/section>\n\t\t\t\t\t<\/div>\n\t\t<\/div>\n\t\t\t\t\t<\/div>\n\t\t<\/section>\n\t\t\t\t<\/div>\n\t\t","protected":false},"excerpt":{"rendered":"<p>El Consejo Cient\u00edfico Asesor de ValER est\u00e1 presidido por el titular de la Direcci\u00f3n Cient\u00edfica y un n\u00famero m\u00ednimo de cinco y un m\u00e1ximo de nueve miembros, nombrados por el Patronato a propuesta de la Presidencia de la Fundaci\u00f3n entre personas de reconocido prestigio en el mundo cient\u00edfico. Corresponden al Consejo Cient\u00edfico Asesor las siguientes&hellip;<\/p>\n","protected":false},"author":3,"featured_media":8333,"parent":2525,"menu_order":0,"comment_status":"closed","ping_status":"closed","template":"","meta":{"footnotes":""},"class_list":["post-3536","page","type-page","status-publish","has-post-thumbnail","hentry"],"_links":{"self":[{"href":"https:\/\/www.valer-f.es\/es\/wp-json\/wp\/v2\/pages\/3536","targetHints":{"allow":["GET"]}}],"collection":[{"href":"https:\/\/www.valer-f.es\/es\/wp-json\/wp\/v2\/pages"}],"about":[{"href":"https:\/\/www.valer-f.es\/es\/wp-json\/wp\/v2\/types\/page"}],"author":[{"embeddable":true,"href":"https:\/\/www.valer-f.es\/es\/wp-json\/wp\/v2\/users\/3"}],"replies":[{"embeddable":true,"href":"https:\/\/www.valer-f.es\/es\/wp-json\/wp\/v2\/comments?post=3536"}],"version-history":[{"count":0,"href":"https:\/\/www.valer-f.es\/es\/wp-json\/wp\/v2\/pages\/3536\/revisions"}],"up":[{"embeddable":true,"href":"https:\/\/www.valer-f.es\/es\/wp-json\/wp\/v2\/pages\/2525"}],"wp:featuredmedia":[{"embeddable":true,"href":"https:\/\/www.valer-f.es\/es\/wp-json\/wp\/v2\/media\/8333"}],"wp:attachment":[{"href":"https:\/\/www.valer-f.es\/es\/wp-json\/wp\/v2\/media?parent=3536"}],"curies":[{"name":"wp","href":"https:\/\/api.w.org\/{rel}","templated":true}]}}