{"id":14743,"date":"2026-02-19T17:14:01","date_gmt":"2026-02-19T16:14:01","guid":{"rendered":"https:\/\/www.valer-f.es\/?page_id=14743"},"modified":"2026-02-24T15:11:51","modified_gmt":"2026-02-24T14:11:51","slug":"personal-investigador","status":"publish","type":"page","link":"https:\/\/www.valer-f.es\/es\/personal-investigador\/","title":{"rendered":"Personal Investigador"},"content":{"rendered":"\t\t<div data-elementor-type=\"wp-page\" data-elementor-id=\"14743\" class=\"elementor elementor-14743 elementor-14727\" data-elementor-post-type=\"page\">\n\t\t\t\t\t\t<section class=\"elementor-section elementor-top-section elementor-element elementor-element-525f02d elementor-section-boxed elementor-section-height-default elementor-section-height-default\" data-id=\"525f02d\" data-element_type=\"section\" data-e-type=\"section\">\n\t\t\t\t\t\t<div class=\"elementor-container elementor-column-gap-wide\">\n\t\t\t\t\t<div class=\"elementor-column elementor-col-50 elementor-top-column elementor-element elementor-element-9c5d606\" data-id=\"9c5d606\" data-element_type=\"column\" data-e-type=\"column\" data-settings=\"{&quot;background_background&quot;:&quot;classic&quot;}\">\n\t\t\t<div class=\"elementor-widget-wrap elementor-element-populated\">\n\t\t\t\t\t\t<div class=\"elementor-element elementor-element-b69ad7e elementor-widget elementor-widget-image\" data-id=\"b69ad7e\" data-element_type=\"widget\" data-e-type=\"widget\" data-widget_type=\"image.default\">\n\t\t\t\t<div class=\"elementor-widget-container\">\n\t\t\t\t\t\t\t\t\t\t\t\t\t\t\t\t<a href=\"https:\/\/orcid.org\/0000-0002-9822-1092\" target=\"_blank\">\n\t\t\t\t\t\t\t<img fetchpriority=\"high\" decoding=\"async\" width=\"350\" height=\"350\" src=\"data:image\/svg+xml;charset=utf-8,%3Csvg xmlns%3D'http%3A%2F%2Fwww.w3.org%2F2000%2Fsvg' viewBox%3D'0 0 350 350'%2F%3E\" data-src=\"https:\/\/www.valer-f.es\/wp-content\/uploads\/2026\/02\/waer-el-deredy.png\" class=\"lazy-load attachment-full size-full wp-image-14733\" alt=\"Waer El-Deredy - ValER researcher\" data-srcset=\"https:\/\/www.valer-f.es\/wp-content\/uploads\/2026\/02\/waer-el-deredy.png 350w, https:\/\/www.valer-f.es\/wp-content\/uploads\/2026\/02\/waer-el-deredy-300x300.png 300w, https:\/\/www.valer-f.es\/wp-content\/uploads\/2026\/02\/waer-el-deredy-150x150.png 150w\" sizes=\"(max-width: 350px) 100vw, 350px\" \/>\t\t\t\t\t\t\t\t<\/a>\n\t\t\t\t\t\t\t\t\t\t\t\t\t\t\t<\/div>\n\t\t\t\t<\/div>\n\t\t\t\t<div class=\"elementor-element elementor-element-fbc084a elementor-widget elementor-widget-text-editor\" data-id=\"fbc084a\" data-element_type=\"widget\" data-e-type=\"widget\" data-widget_type=\"text-editor.default\">\n\t\t\t\t<div class=\"elementor-widget-container\">\n\t\t\t\t\t\t\t\t\t<p style=\"text-align: center;\"><strong>Ingenier\u00eda<\/strong><\/p>\t\t\t\t\t\t\t\t<\/div>\n\t\t\t\t<\/div>\n\t\t\t\t\t<\/div>\n\t\t<\/div>\n\t\t\t\t<div class=\"elementor-column elementor-col-50 elementor-top-column elementor-element elementor-element-003ca38\" data-id=\"003ca38\" data-element_type=\"column\" data-e-type=\"column\" data-settings=\"{&quot;background_background&quot;:&quot;classic&quot;}\">\n\t\t\t<div class=\"elementor-widget-wrap elementor-element-populated\">\n\t\t\t\t\t\t<section class=\"elementor-section elementor-inner-section elementor-element elementor-element-514d77e elementor-section-boxed elementor-section-height-default elementor-section-height-default\" data-id=\"514d77e\" data-element_type=\"section\" data-e-type=\"section\">\n\t\t\t\t\t\t<div class=\"elementor-container elementor-column-gap-default\">\n\t\t\t\t\t<div class=\"elementor-column elementor-col-100 elementor-inner-column elementor-element elementor-element-9b4d65a\" data-id=\"9b4d65a\" data-element_type=\"column\" data-e-type=\"column\">\n\t\t\t<div class=\"elementor-widget-wrap elementor-element-populated\">\n\t\t\t\t\t\t<div class=\"elementor-element elementor-element-4f66dc3 elementor-widget elementor-widget-text-editor\" data-id=\"4f66dc3\" data-element_type=\"widget\" data-e-type=\"widget\" data-widget_type=\"text-editor.default\">\n\t\t\t\t<div class=\"elementor-widget-container\">\n\t\t\t\t\t\t\t\t\t<h2><a href=\"https:\/\/orcid.org\/0000-0002-9822-1092\" target=\"_blank\" rel=\"noopener\">Wael El-Deredy<\/a><\/h2>\t\t\t\t\t\t\t\t<\/div>\n\t\t\t\t<\/div>\n\t\t\t\t<div class=\"elementor-element elementor-element-3dfcef1 elementor-widget elementor-widget-text-editor\" data-id=\"3dfcef1\" data-element_type=\"widget\" data-e-type=\"widget\" data-widget_type=\"text-editor.default\">\n\t\t\t\t<div class=\"elementor-widget-container\">\n\t\t\t\t\t\t\t\t\t<p>Valencian Graduate School and Research Network of Artificial Intelligence (ValgrAI)<\/p><p><a href=\"https:\/\/orcid.org\/0000-0002-9822-1092\" target=\"_blank\" rel=\"noopener\">https:\/\/orcid.org\/0000-0002-9822-1092<\/a><\/p><p><a href=\"mailto:wael.deredy@valer-f.es\">wael.deredy@valer-f.es<\/a><\/p>\t\t\t\t\t\t\t\t<\/div>\n\t\t\t\t<\/div>\n\t\t\t\t<div class=\"elementor-element elementor-element-bffa895 elementor-widget elementor-widget-heading\" data-id=\"bffa895\" data-element_type=\"widget\" data-e-type=\"widget\" data-widget_type=\"heading.default\">\n\t\t\t\t<div class=\"elementor-widget-container\">\n\t\t\t\t\t<h3 class=\"elementor-heading-title elementor-size-default\">Breve biograf\u00eda<\/h3>\t\t\t\t<\/div>\n\t\t\t\t<\/div>\n\t\t\t\t<div class=\"elementor-element elementor-element-a500d48 elementor-widget elementor-widget-text-editor\" data-id=\"a500d48\" data-element_type=\"widget\" data-e-type=\"widget\" data-widget_type=\"text-editor.default\">\n\t\t\t\t<div class=\"elementor-widget-container\">\n\t\t\t\t\t\t\t\t\t<p>El Prof. Wael El-Deredy se gradu\u00f3 en Ingenier\u00eda El\u00e9ctrica en 1988 en la Universidad Ain Shams, El Cairo (Egipto), y obtuvo su t\u00edtulo de doctorado (Ph.D.) en Neurocomputaci\u00f3n en el Imperial College de Londres (Reino Unido).<\/p><p>En 2005 fue nombrado Profesor Titular en Neurociencia Computacional en la Universidad de Manchester y en 2012 pas\u00f3 a ser Profesor de Electrofisiolog\u00eda Cognitiva en la Facultad de Medicina. Desde 2018 es Profesor de Ingenier\u00eda Biom\u00e9dica y Director del Centro de I+D en Ingenier\u00eda en Salud en la Universidad de Valpara\u00edso (Chile).<\/p><p>La investigaci\u00f3n de Wael El-Deredy aplica principios de la ingenier\u00eda a los sistemas neuronales, integrando modelado biof\u00edsico, procesamiento de se\u00f1ales e inferencia probabil\u00edstica para comprender la din\u00e1mica cerebral. Su trabajo impulsa la neuroingenier\u00eda, las interfaces cerebro-computador y las aplicaciones cl\u00ednicas mediante la integraci\u00f3n de modelos generativos biof\u00edsicos y basados en datos de la funci\u00f3n cerebral.<\/p>\t\t\t\t\t\t\t\t<\/div>\n\t\t\t\t<\/div>\n\t\t\t\t\t<\/div>\n\t\t<\/div>\n\t\t\t\t\t<\/div>\n\t\t<\/section>\n\t\t\t\t\t<\/div>\n\t\t<\/div>\n\t\t\t\t\t<\/div>\n\t\t<\/section>\n\t\t\t\t<\/div>\n\t\t","protected":false},"excerpt":{"rendered":"<p>Ingenier\u00eda Wael El-Deredy Valencian Graduate School and Research Network of Artificial Intelligence (ValgrAI) https:\/\/orcid.org\/0000-0002-9822-1092 wael.deredy@valer-f.es Breve biograf\u00eda El Prof. Wael El-Deredy se gradu\u00f3 en Ingenier\u00eda El\u00e9ctrica en 1988 en la Universidad Ain Shams, El Cairo (Egipto), y obtuvo su t\u00edtulo de doctorado (Ph.D.) en Neurocomputaci\u00f3n en el Imperial College de Londres (Reino Unido). En 2005&hellip;<\/p>\n","protected":false},"author":3,"featured_media":8335,"parent":0,"menu_order":0,"comment_status":"closed","ping_status":"closed","template":"","meta":{"footnotes":""},"class_list":["post-14743","page","type-page","status-publish","has-post-thumbnail","hentry"],"_links":{"self":[{"href":"https:\/\/www.valer-f.es\/es\/wp-json\/wp\/v2\/pages\/14743","targetHints":{"allow":["GET"]}}],"collection":[{"href":"https:\/\/www.valer-f.es\/es\/wp-json\/wp\/v2\/pages"}],"about":[{"href":"https:\/\/www.valer-f.es\/es\/wp-json\/wp\/v2\/types\/page"}],"author":[{"embeddable":true,"href":"https:\/\/www.valer-f.es\/es\/wp-json\/wp\/v2\/users\/3"}],"replies":[{"embeddable":true,"href":"https:\/\/www.valer-f.es\/es\/wp-json\/wp\/v2\/comments?post=14743"}],"version-history":[{"count":9,"href":"https:\/\/www.valer-f.es\/es\/wp-json\/wp\/v2\/pages\/14743\/revisions"}],"predecessor-version":[{"id":14806,"href":"https:\/\/www.valer-f.es\/es\/wp-json\/wp\/v2\/pages\/14743\/revisions\/14806"}],"wp:featuredmedia":[{"embeddable":true,"href":"https:\/\/www.valer-f.es\/es\/wp-json\/wp\/v2\/media\/8335"}],"wp:attachment":[{"href":"https:\/\/www.valer-f.es\/es\/wp-json\/wp\/v2\/media?parent=14743"}],"curies":[{"name":"wp","href":"https:\/\/api.w.org\/{rel}","templated":true}]}}