{"id":12317,"date":"2023-12-21T16:25:57","date_gmt":"2023-12-21T15:25:57","guid":{"rendered":"https:\/\/www.valer-f.es\/?page_id=12317"},"modified":"2026-05-06T11:07:21","modified_gmt":"2026-05-06T09:07:21","slug":"empleo","status":"publish","type":"page","link":"https:\/\/www.valer-f.es\/es\/empleo\/","title":{"rendered":"Empleo"},"content":{"rendered":"\t\t<div data-elementor-type=\"wp-page\" data-elementor-id=\"12317\" class=\"elementor elementor-12317 elementor-12316\" data-elementor-post-type=\"page\">\n\t\t\t\t\t\t<section class=\"elementor-section elementor-top-section elementor-element elementor-element-7854422 elementor-section-height-min-height elementor-section-stretched header-img-bk-img elementor-section-boxed elementor-section-height-default elementor-section-items-middle elementor-invisible\" data-id=\"7854422\" data-element_type=\"section\" data-e-type=\"section\" data-settings=\"{&quot;background_background&quot;:&quot;classic&quot;,&quot;background_motion_fx_motion_fx_scrolling&quot;:&quot;yes&quot;,&quot;background_motion_fx_translateY_effect&quot;:&quot;yes&quot;,&quot;background_motion_fx_translateY_direction&quot;:&quot;negative&quot;,&quot;stretch_section&quot;:&quot;section-stretched&quot;,&quot;animation&quot;:&quot;fadeIn&quot;,&quot;animation_delay&quot;:250,&quot;background_motion_fx_translateY_speed&quot;:{&quot;unit&quot;:&quot;px&quot;,&quot;size&quot;:4,&quot;sizes&quot;:[]},&quot;background_motion_fx_translateY_affectedRange&quot;:{&quot;unit&quot;:&quot;%&quot;,&quot;size&quot;:&quot;&quot;,&quot;sizes&quot;:{&quot;start&quot;:0,&quot;end&quot;:100}},&quot;background_motion_fx_devices&quot;:[&quot;desktop&quot;,&quot;tablet&quot;,&quot;mobile&quot;]}\">\n\t\t\t\t\t\t\t<div class=\"elementor-background-overlay\"><\/div>\n\t\t\t\t\t\t\t<div class=\"elementor-container elementor-column-gap-default\">\n\t\t\t\t\t<div class=\"elementor-column elementor-col-100 elementor-top-column elementor-element elementor-element-95448e8\" data-id=\"95448e8\" data-element_type=\"column\" data-e-type=\"column\">\n\t\t\t<div class=\"elementor-widget-wrap\">\n\t\t\t\t\t\t\t<\/div>\n\t\t<\/div>\n\t\t\t\t\t<\/div>\n\t\t<\/section>\n\t\t\t\t<section class=\"elementor-section elementor-top-section elementor-element elementor-element-f3a8107 elementor-section-full_width elementor-section-stretched elementor-section-height-default elementor-section-height-default elementor-invisible\" data-id=\"f3a8107\" data-element_type=\"section\" data-e-type=\"section\" data-settings=\"{&quot;background_background&quot;:&quot;classic&quot;,&quot;animation&quot;:&quot;fadeIn&quot;,&quot;stretch_section&quot;:&quot;section-stretched&quot;}\">\n\t\t\t\t\t\t<div class=\"elementor-container elementor-column-gap-default\">\n\t\t\t\t\t<div class=\"elementor-column elementor-col-100 elementor-top-column elementor-element elementor-element-e3a6949\" data-id=\"e3a6949\" data-element_type=\"column\" data-e-type=\"column\">\n\t\t\t<div class=\"elementor-widget-wrap elementor-element-populated\">\n\t\t\t\t\t\t<div class=\"elementor-element elementor-element-3bd7fbf header-img-page-title elementor-widget elementor-widget-heading\" data-id=\"3bd7fbf\" data-element_type=\"widget\" data-e-type=\"widget\" data-widget_type=\"heading.default\">\n\t\t\t\t<div class=\"elementor-widget-container\">\n\t\t\t\t\t<h1 class=\"elementor-heading-title elementor-size-default\">Empleo<\/h1>\t\t\t\t<\/div>\n\t\t\t\t<\/div>\n\t\t\t\t\t<\/div>\n\t\t<\/div>\n\t\t\t\t\t<\/div>\n\t\t<\/section>\n\t\t\t\t<section class=\"elementor-section elementor-top-section elementor-element elementor-element-d1ee2c5 elementor-section-boxed elementor-section-height-default elementor-section-height-default\" data-id=\"d1ee2c5\" data-element_type=\"section\" data-e-type=\"section\">\n\t\t\t\t\t\t<div class=\"elementor-container elementor-column-gap-default\">\n\t\t\t\t\t<div class=\"elementor-column elementor-col-100 elementor-top-column elementor-element elementor-element-c7fbe48\" data-id=\"c7fbe48\" data-element_type=\"column\" data-e-type=\"column\">\n\t\t\t<div class=\"elementor-widget-wrap elementor-element-populated\">\n\t\t\t\t\t\t<div class=\"elementor-element elementor-element-564e45d elementor-widget elementor-widget-heading\" data-id=\"564e45d\" data-element_type=\"widget\" data-e-type=\"widget\" data-widget_type=\"heading.default\">\n\t\t\t\t<div class=\"elementor-widget-container\">\n\t\t\t\t\t<h2 class=\"elementor-heading-title elementor-size-default\">CONVOCATORIA PROCESO SELECTIVO PARA LA COBERTURA, COMO PERSONAL LABORAL INDEFINIDO, DE UN PUESTO DE COORDINADOR\/A DE INVESTIGACI\u00d3N, EN TURNO LIBRE Y POR EL SISTEMA DE CONCURSO OPOSICI\u00d3N (PUESTO 7 RPT).<\/h2>\t\t\t\t<\/div>\n\t\t\t\t<\/div>\n\t\t\t\t<div class=\"elementor-element elementor-element-7f40ea7 elementor-widget elementor-widget-text-editor\" data-id=\"7f40ea7\" data-element_type=\"widget\" data-e-type=\"widget\" data-widget_type=\"text-editor.default\">\n\t\t\t\t<div class=\"elementor-widget-container\">\n\t\t\t\t\t\t\t\t\t<h3><strong>(CONVOCATORIA 01\/2026)<\/strong><\/h3>\t\t\t\t\t\t\t\t<\/div>\n\t\t\t\t<\/div>\n\t\t\t\t<div class=\"elementor-element elementor-element-b192fb4 elementor-widget elementor-widget-spacer\" data-id=\"b192fb4\" data-element_type=\"widget\" data-e-type=\"widget\" data-widget_type=\"spacer.default\">\n\t\t\t\t<div class=\"elementor-widget-container\">\n\t\t\t\t\t\t\t<div class=\"elementor-spacer\">\n\t\t\t<div class=\"elementor-spacer-inner\"><\/div>\n\t\t<\/div>\n\t\t\t\t\t\t<\/div>\n\t\t\t\t<\/div>\n\t\t\t\t<div class=\"elementor-element elementor-element-a3c1881 elementor-widget elementor-widget-text-editor\" data-id=\"a3c1881\" data-element_type=\"widget\" data-e-type=\"widget\" data-widget_type=\"text-editor.default\">\n\t\t\t\t<div class=\"elementor-widget-container\">\n\t\t\t\t\t\t\t\t\t<p><strong>Fecha publicaci\u00f3n DOGV:<\/strong> 10 de febrero de 2026 (DOGV n\u00famero <span style=\"text-decoration: underline;\"><a href=\"https:\/\/dogv.gva.es\/datos\/2026\/02\/10\/pdf\/2026_2041_es.pdf\" target=\"_blank\" rel=\"noopener\">2026\/2041<\/a><\/span>)<\/p><p><strong>Plazo de presentaci\u00f3n de solicitudes:<\/strong> del 11 de febrero al 10 de marzo de 2026 ambos inclusive<\/p><p><strong>Modo de presentaci\u00f3n de la documentaci\u00f3n:<\/strong> a trav\u00e9s de correo electr\u00f3nico <a href=\"mailto:call@valer-f.es\">call@valer-f.es<\/a><\/p><p><strong>Funciones: <\/strong>Coordinaci\u00f3n, programaci\u00f3n y gesti\u00f3n de proyectos relacionados con la promoci\u00f3n de la I+D+i, la atracci\u00f3n de talento y la excelencia investigadora. Bajo la supervisi\u00f3n de un\/a superior\/a ejecuta tareas asignadas con autonom\u00eda m\u00e1xima.<\/p><p><strong>Retribuci\u00f3n bruta anual:<\/strong> 54.697 euros<\/p><p><strong>Tipo de contrato:<\/strong> indefinido<\/p><p><strong>Lugar de trabajo:<\/strong> sede Fundaci\u00f3n ValER en Castell\u00f3n de la Plana<\/p>\t\t\t\t\t\t\t\t<\/div>\n\t\t\t\t<\/div>\n\t\t\t\t<div class=\"elementor-element elementor-element-16fb3ca elementor-widget elementor-widget-text-editor\" data-id=\"16fb3ca\" data-element_type=\"widget\" data-e-type=\"widget\" data-widget_type=\"text-editor.default\">\n\t\t\t\t<div class=\"elementor-widget-container\">\n\t\t\t\t\t\t\t\t\t<p><strong>RECOMENDACIONES:<\/strong><\/p><ul><li>Lea detenidamente las BASES DE LA CONVOCATORIA poniendo especial atenci\u00f3n en la forma y documentos a presentar.<\/li><li>Recuerde que los documentos de SOLICITUD DE ADMISI\u00d3N EN PROCESO SELECTIVO y la DECLARACI\u00d3N RESPONSABLE DE VERACIDAD DE DATOS Y CUMPLIMIENTO DE REQUISITOS deben ir firmado digitalmente.<\/li><li>Antes de enviar su solicitud, revise la documentaci\u00f3n presentada, ya que su candidatura ser\u00e1 admitida \u00fanicamente cuando se compruebe que la documentaci\u00f3n cumple con todos los requisitos expuestos en la convocatoria.<\/li><li><strong>Tras enviar su solicitud, recibir\u00e1 un correo de confirmaci\u00f3n indicando el n\u00famero de referencia de su candidatura. En caso de no recibirlo, por favor, contacte en el correo electr\u00f3nico: <a href=\"mailto:call@valer-f.es\">call@valer-f.es<\/a><\/strong><\/li><\/ul>\t\t\t\t\t\t\t\t<\/div>\n\t\t\t\t<\/div>\n\t\t\t\t<div class=\"elementor-element elementor-element-97e5596 elementor-widget elementor-widget-text-editor\" data-id=\"97e5596\" data-element_type=\"widget\" data-e-type=\"widget\" data-widget_type=\"text-editor.default\">\n\t\t\t\t<div class=\"elementor-widget-container\">\n\t\t\t\t\t\t\t\t\t<p><strong>DOCUMENTACI\u00d3N:<\/strong><\/p><ul><li><a href=\"https:\/\/www.valer-f.es\/wp-content\/uploads\/docs\/empleo\/01.TEXTO_CONVOCATORIA.pdf\" target=\"_blank\" rel=\"noopener\">BASES DE LA CONVOCATORIA<\/a><\/li><li><a href=\"https:\/\/www.valer-f.es\/wp-content\/uploads\/docs\/empleo\/03.MODELO_INSCRIPCION.docx\" target=\"_blank\" rel=\"noopener\">SOLICITUD DE ADMISI\u00d3N EN PROCESO SELECTIVO<\/a><\/li><li><a href=\"https:\/\/www.valer-f.es\/wp-content\/uploads\/docs\/empleo\/02.MODELO_DEC_RESPONSABLE.docx\" target=\"_blank\" rel=\"noopener\">DECLARACI\u00d3N RESPONSABLE DE VERACIDAD DE DATOS Y CUMPLIMIENTO DE REQUISITOS<\/a><\/li><li><a href=\"https:\/\/www.valer-f.es\/wp-content\/uploads\/docs\/empleo\/04.ANEXO-BAREMO.xlsx\" target=\"_blank\" rel=\"noopener\">AUTOBAREMACI\u00d3N CONV.01\/2026<\/a><\/li><li><a href=\"https:\/\/www.valer-f.es\/wp-content\/uploads\/docs\/empleo\/listado-provisional-de-personas-admitidas-y-excluidas.pdf\" target=\"_blank\" rel=\"noopener\">LISTADO PROVISIONAL DE PERSONAS ADMITIDAS Y EXCLUIDAS<\/a><\/li><li><a href=\"https:\/\/www.valer-f.es\/wp-content\/uploads\/docs\/empleo\/Publicacion-Organo-Tecnico-de-Seleccion-DOGV-OTS-2026-10054.pdf\" target=\"_blank\" rel=\"noopener\">PUBLICACI\u00d3N \u00d3RGANO T\u00c9CNICO DE SELECCI\u00d3N<\/a><\/li><li><a href=\"https:\/\/www.valer-f.es\/wp-content\/uploads\/docs\/empleo\/LISTADO-DEFINITIVO-DE-PERSONAS-ADMITIDAS-Y-EXCLUIDAS.pdf\" target=\"_blank\" rel=\"noopener\">LISTADO DEFINITIVO DE PERSONAS ADMITIDAS Y EXCLUIDAS<\/a><\/li><li><a href=\"https:\/\/www.valer-f.es\/wp-content\/uploads\/docs\/empleo\/CONVOCATORIA-DE-EXAMEN-FASE-OPOSICION.pdf\" target=\"_blank\" rel=\"noopener\">CONVOCATORIA DE EXAMEN FASE OPOSICI\u00d3N<\/a><\/li><li><a href=\"https:\/\/www.valer-f.es\/wp-content\/uploads\/docs\/empleo\/CUADERNILLO-EXAMEN-EJERCICIO-1.pdf\" target=\"_blank\" rel=\"noopener\">CUADERNILLO EXAMEN EJERCICIO 1<\/a><\/li><li><a href=\"https:\/\/www.valer-f.es\/wp-content\/uploads\/docs\/empleo\/RESPUESTAS-EJERCICIO-1.pdf\" target=\"_blank\" rel=\"noopener\">RESPUESTAS EJERCICIO 1<\/a><\/li><li><a href=\"https:\/\/www.valer-f.es\/wp-content\/uploads\/docs\/empleo\/CUADERNILLO-EXAMEN-EJERCICIO-2.pdf\" target=\"_blank\" rel=\"noopener\">CUADERNILLO EXAMEN EJERCICIO 2<\/a><\/li><li><a href=\"https:\/\/www.valer-f.es\/wp-content\/uploads\/docs\/empleo\/EXAMEN-EJERCICIO-2.pdf\" target=\"_blank\" rel=\"noopener\">EXAMEN EJERCICIO 2<\/a><\/li><\/ul>\t\t\t\t\t\t\t\t<\/div>\n\t\t\t\t<\/div>\n\t\t\t\t\t<\/div>\n\t\t<\/div>\n\t\t\t\t\t<\/div>\n\t\t<\/section>\n\t\t\t\t<section class=\"elementor-section elementor-top-section elementor-element elementor-element-4d177f0 elementor-section-boxed elementor-section-height-default elementor-section-height-default\" data-id=\"4d177f0\" data-element_type=\"section\" data-e-type=\"section\">\n\t\t\t\t\t\t<div class=\"elementor-container elementor-column-gap-default\">\n\t\t\t\t\t<div class=\"elementor-column elementor-col-100 elementor-top-column elementor-element elementor-element-2421f5d\" data-id=\"2421f5d\" data-element_type=\"column\" data-e-type=\"column\">\n\t\t\t<div class=\"elementor-widget-wrap elementor-element-populated\">\n\t\t\t\t\t\t<div class=\"elementor-element elementor-element-1f9346e elementor-widget-divider--view-line elementor-widget elementor-widget-divider\" data-id=\"1f9346e\" data-element_type=\"widget\" data-e-type=\"widget\" data-widget_type=\"divider.default\">\n\t\t\t\t<div class=\"elementor-widget-container\">\n\t\t\t\t\t\t\t<div class=\"elementor-divider\">\n\t\t\t<span class=\"elementor-divider-separator\">\n\t\t\t\t\t\t<\/span>\n\t\t<\/div>\n\t\t\t\t\t\t<\/div>\n\t\t\t\t<\/div>\n\t\t\t\t\t<\/div>\n\t\t<\/div>\n\t\t\t\t\t<\/div>\n\t\t<\/section>\n\t\t\t\t<\/div>\n\t\t","protected":false},"excerpt":{"rendered":"<p>CONVOCATORIA PROCESO SELECTIVO PARA LA COBERTURA, COMO PERSONAL LABORAL INDEFINIDO, DE UN PUESTO DE COORDINADOR\/A DE INVESTIGACI\u00d3N, EN TURNO LIBRE Y POR EL SISTEMA DE CONCURSO OPOSICI\u00d3N (PUESTO 7 RPT). (CONVOCATORIA 01\/2026) Fecha publicaci\u00f3n DOGV: 10 de febrero de 2026 (DOGV n\u00famero 2026\/2041) Plazo de presentaci\u00f3n de solicitudes: del 11 de febrero al 10 de&hellip;<\/p>\n","protected":false},"author":3,"featured_media":7058,"parent":0,"menu_order":0,"comment_status":"closed","ping_status":"closed","template":"","meta":{"footnotes":""},"class_list":["post-12317","page","type-page","status-publish","has-post-thumbnail","hentry"],"_links":{"self":[{"href":"https:\/\/www.valer-f.es\/es\/wp-json\/wp\/v2\/pages\/12317","targetHints":{"allow":["GET"]}}],"collection":[{"href":"https:\/\/www.valer-f.es\/es\/wp-json\/wp\/v2\/pages"}],"about":[{"href":"https:\/\/www.valer-f.es\/es\/wp-json\/wp\/v2\/types\/page"}],"author":[{"embeddable":true,"href":"https:\/\/www.valer-f.es\/es\/wp-json\/wp\/v2\/users\/3"}],"replies":[{"embeddable":true,"href":"https:\/\/www.valer-f.es\/es\/wp-json\/wp\/v2\/comments?post=12317"}],"version-history":[{"count":3,"href":"https:\/\/www.valer-f.es\/es\/wp-json\/wp\/v2\/pages\/12317\/revisions"}],"predecessor-version":[{"id":15194,"href":"https:\/\/www.valer-f.es\/es\/wp-json\/wp\/v2\/pages\/12317\/revisions\/15194"}],"wp:featuredmedia":[{"embeddable":true,"href":"https:\/\/www.valer-f.es\/es\/wp-json\/wp\/v2\/media\/7058"}],"wp:attachment":[{"href":"https:\/\/www.valer-f.es\/es\/wp-json\/wp\/v2\/media?parent=12317"}],"curies":[{"name":"wp","href":"https:\/\/api.w.org\/{rel}","templated":true}]}}