{"id":6308,"date":"2022-01-18T09:06:04","date_gmt":"2022-01-18T08:06:04","guid":{"rendered":"https:\/\/svaler.local\/?page_id=6308"},"modified":"2025-01-07T12:34:21","modified_gmt":"2025-01-07T11:34:21","slug":"marc-legal","status":"publish","type":"page","link":"https:\/\/www.valer-f.es\/ca\/marc-legal\/","title":{"rendered":"Marc Legal"},"content":{"rendered":"\t\t<div data-elementor-type=\"wp-page\" data-elementor-id=\"6308\" class=\"elementor elementor-6308 elementor-3609\" data-elementor-post-type=\"page\">\n\t\t\t\t\t\t<section class=\"elementor-section elementor-top-section elementor-element elementor-element-0516cc2 elementor-section-height-min-height elementor-section-stretched header-img-bk-img elementor-section-boxed elementor-section-height-default elementor-section-items-middle elementor-invisible\" data-id=\"0516cc2\" data-element_type=\"section\" data-e-type=\"section\" data-settings=\"{&quot;background_background&quot;:&quot;classic&quot;,&quot;background_motion_fx_motion_fx_scrolling&quot;:&quot;yes&quot;,&quot;background_motion_fx_translateY_effect&quot;:&quot;yes&quot;,&quot;background_motion_fx_translateY_direction&quot;:&quot;negative&quot;,&quot;stretch_section&quot;:&quot;section-stretched&quot;,&quot;animation&quot;:&quot;fadeIn&quot;,&quot;animation_delay&quot;:250,&quot;background_motion_fx_translateY_speed&quot;:{&quot;unit&quot;:&quot;px&quot;,&quot;size&quot;:4,&quot;sizes&quot;:[]},&quot;background_motion_fx_translateY_affectedRange&quot;:{&quot;unit&quot;:&quot;%&quot;,&quot;size&quot;:&quot;&quot;,&quot;sizes&quot;:{&quot;start&quot;:0,&quot;end&quot;:100}},&quot;background_motion_fx_devices&quot;:[&quot;desktop&quot;,&quot;tablet&quot;,&quot;mobile&quot;]}\">\n\t\t\t\t\t\t\t<div class=\"elementor-background-overlay\"><\/div>\n\t\t\t\t\t\t\t<div class=\"elementor-container elementor-column-gap-default\">\n\t\t\t\t\t<div class=\"elementor-column elementor-col-100 elementor-top-column elementor-element elementor-element-29ae1dc\" data-id=\"29ae1dc\" data-element_type=\"column\" data-e-type=\"column\">\n\t\t\t<div class=\"elementor-widget-wrap\">\n\t\t\t\t\t\t\t<\/div>\n\t\t<\/div>\n\t\t\t\t\t<\/div>\n\t\t<\/section>\n\t\t\t\t<section class=\"elementor-section elementor-top-section elementor-element elementor-element-454cd1b elementor-section-full_width elementor-section-stretched elementor-section-height-default elementor-section-height-default elementor-invisible\" data-id=\"454cd1b\" data-element_type=\"section\" data-e-type=\"section\" data-settings=\"{&quot;background_background&quot;:&quot;classic&quot;,&quot;animation&quot;:&quot;fadeIn&quot;,&quot;stretch_section&quot;:&quot;section-stretched&quot;}\">\n\t\t\t\t\t\t<div class=\"elementor-container elementor-column-gap-default\">\n\t\t\t\t\t<div class=\"elementor-column elementor-col-100 elementor-top-column elementor-element elementor-element-ca7d8ac\" data-id=\"ca7d8ac\" data-element_type=\"column\" data-e-type=\"column\">\n\t\t\t<div class=\"elementor-widget-wrap elementor-element-populated\">\n\t\t\t\t\t\t<div class=\"elementor-element elementor-element-a8dbe32 header-img-page-title elementor-widget elementor-widget-heading\" data-id=\"a8dbe32\" data-element_type=\"widget\" data-e-type=\"widget\" data-widget_type=\"heading.default\">\n\t\t\t\t<div class=\"elementor-widget-container\">\n\t\t\t\t\t<h1 class=\"elementor-heading-title elementor-size-default\">Marc Legal<\/h1>\t\t\t\t<\/div>\n\t\t\t\t<\/div>\n\t\t\t\t\t<\/div>\n\t\t<\/div>\n\t\t\t\t\t<\/div>\n\t\t<\/section>\n\t\t\t\t<section class=\"elementor-section elementor-top-section elementor-element elementor-element-c59a030 elementor-section-boxed elementor-section-height-default elementor-section-height-default\" data-id=\"c59a030\" data-element_type=\"section\" data-e-type=\"section\">\n\t\t\t\t\t\t<div class=\"elementor-container elementor-column-gap-default\">\n\t\t\t\t\t<div class=\"elementor-column elementor-col-100 elementor-top-column elementor-element elementor-element-4004118\" data-id=\"4004118\" data-element_type=\"column\" data-e-type=\"column\">\n\t\t\t<div class=\"elementor-widget-wrap elementor-element-populated\">\n\t\t\t\t\t\t<div class=\"elementor-element elementor-element-3515db3 elementor-widget elementor-widget-text-editor\" data-id=\"3515db3\" data-element_type=\"widget\" data-e-type=\"widget\" data-widget_type=\"text-editor.default\">\n\t\t\t\t<div class=\"elementor-widget-container\">\n\t\t\t\t\t\t\t\t\t<p>El juliol de 2021, la Generalitat Valenciana crea la Fundaci\u00f3 de la Comunitat Valenciana d\u2019Investigaci\u00f3 d\u2019Excel\u00b7l\u00e8ncia (ValER), que es constitu\u00efx com una fundaci\u00f3 del sector p\u00fablic Instrumental de la Generalitat sense \u00e0nim de lucre, en el marc del que es preveu en la Llei 8\/1998, de 9 de desembre, de la Generalitat, de fundacions de la Comunitat Valenciana, sota la tutela del Protectorat\u00a0 que exercix la Generalitat. L\u2019objectiu de ValER \u00e9s contribuir a l\u2019impuls, la promoci\u00f3 i el desenrotllament de la investigaci\u00f3 i del coneixement cient\u00edfic, human\u00edstic i tecnol\u00f2gic, facilitant la progressiva consolidaci\u00f3 del col\u00b7lectiu del personal investigador i cient\u00edfic arrelat a la Comunitat Valenciana.<\/p><p>ValER, amb personalitat jur\u00eddica i plena capacitat d\u2019obrar per al compliment dels seus fins, una vegada inscrita la corresponent escriptura p\u00fablica de constituci\u00f3 en el Registre de fundacions de la Comunitat Valenciana, el dia 22 de setembre de 2021, queda adscrita a la conselleria competent en mat\u00e8ria de pol\u00edtica cient\u00edfica.<\/p><p>A trav\u00e9s de l\u2019Acord del Consell de 9 de juliol de 2021, s\u2019aproven els seus estatuts (DOGV n\u00fam. 9210, de 08.11.2021) amb l\u2019objectiu de dotar ValER d\u2019una estructura de funcionament i organitzaci\u00f3 flexible i aut\u00f2noma per al compliment dels seus fins.<\/p>\t\t\t\t\t\t\t\t<\/div>\n\t\t\t\t<\/div>\n\t\t\t\t\t<\/div>\n\t\t<\/div>\n\t\t\t\t\t<\/div>\n\t\t<\/section>\n\t\t\t\t<section class=\"elementor-section elementor-top-section elementor-element elementor-element-1d332c8 elementor-section-boxed elementor-section-height-default elementor-section-height-default\" data-id=\"1d332c8\" data-element_type=\"section\" data-e-type=\"section\">\n\t\t\t\t\t\t<div class=\"elementor-container elementor-column-gap-default\">\n\t\t\t\t\t<div class=\"elementor-column elementor-col-100 elementor-top-column elementor-element elementor-element-df82b0c\" data-id=\"df82b0c\" data-element_type=\"column\" data-e-type=\"column\">\n\t\t\t<div class=\"elementor-widget-wrap elementor-element-populated\">\n\t\t\t\t\t\t<div class=\"elementor-element elementor-element-7853003 elementor-widget-divider--view-line elementor-widget elementor-widget-divider\" data-id=\"7853003\" data-element_type=\"widget\" data-e-type=\"widget\" data-widget_type=\"divider.default\">\n\t\t\t\t<div class=\"elementor-widget-container\">\n\t\t\t\t\t\t\t<div class=\"elementor-divider\">\n\t\t\t<span class=\"elementor-divider-separator\">\n\t\t\t\t\t\t<\/span>\n\t\t<\/div>\n\t\t\t\t\t\t<\/div>\n\t\t\t\t<\/div>\n\t\t\t\t\t<\/div>\n\t\t<\/div>\n\t\t\t\t\t<\/div>\n\t\t<\/section>\n\t\t\t\t<section class=\"elementor-section elementor-top-section elementor-element elementor-element-e26b23d elementor-section-boxed elementor-section-height-default elementor-section-height-default\" data-id=\"e26b23d\" data-element_type=\"section\" data-e-type=\"section\">\n\t\t\t\t\t\t<div class=\"elementor-container elementor-column-gap-default\">\n\t\t\t\t\t<div class=\"elementor-column elementor-col-100 elementor-top-column elementor-element elementor-element-cf3b532\" data-id=\"cf3b532\" data-element_type=\"column\" data-e-type=\"column\">\n\t\t\t<div class=\"elementor-widget-wrap elementor-element-populated\">\n\t\t\t\t\t\t<div class=\"elementor-element elementor-element-db8f29b elementor-widget elementor-widget-text-editor\" data-id=\"db8f29b\" data-element_type=\"widget\" data-e-type=\"widget\" data-widget_type=\"text-editor.default\">\n\t\t\t\t<div class=\"elementor-widget-container\">\n\t\t\t\t\t\t\t\t\t<h2>ESTATUTS<\/h2>\t\t\t\t\t\t\t\t<\/div>\n\t\t\t\t<\/div>\n\t\t\t\t<div class=\"elementor-element elementor-element-00db0c7 elementor-widget elementor-widget-button\" data-id=\"00db0c7\" data-element_type=\"widget\" data-e-type=\"widget\" data-widget_type=\"button.default\">\n\t\t\t\t<div class=\"elementor-widget-container\">\n\t\t\t\t\t\t\t\t\t<div class=\"elementor-button-wrapper\">\n\t\t\t\t\t<a class=\"elementor-button elementor-button-link elementor-size-sm\" href=\"https:\/\/www.valer-f.es\/wp-content\/uploads\/docs\/sobre-nosotros\/Estatutos-ValER.pdf\" target=\"_blank\" rel=\"nofollow\">\n\t\t\t\t\t\t<span class=\"elementor-button-content-wrapper\">\n\t\t\t\t\t\t<span class=\"elementor-button-icon\">\n\t\t\t\t<i aria-hidden=\"true\" class=\"far fa-file-alt\"><\/i>\t\t\t<\/span>\n\t\t\t\t\t\t\t\t\t<span class=\"elementor-button-text\">Descarregar Estatuts ValER<\/span>\n\t\t\t\t\t<\/span>\n\t\t\t\t\t<\/a>\n\t\t\t\t<\/div>\n\t\t\t\t\t\t\t\t<\/div>\n\t\t\t\t<\/div>\n\t\t\t\t\t<\/div>\n\t\t<\/div>\n\t\t\t\t\t<\/div>\n\t\t<\/section>\n\t\t\t\t<\/div>\n\t\t","protected":false},"excerpt":{"rendered":"<p>El juliol de 2021, la Generalitat Valenciana crea la Fundaci\u00f3 de la Comunitat Valenciana d\u2019Investigaci\u00f3 d\u2019Excel\u00b7l\u00e8ncia (ValER), que es constitu\u00efx com una fundaci\u00f3 del sector p\u00fablic Instrumental de la Generalitat sense \u00e0nim de lucre, en el marc del que es preveu en la Llei 8\/1998, de 9 de desembre, de la Generalitat, de fundacions de&hellip;<\/p>\n","protected":false},"author":3,"featured_media":7071,"parent":0,"menu_order":0,"comment_status":"closed","ping_status":"closed","template":"","meta":{"footnotes":""},"class_list":["post-6308","page","type-page","status-publish","has-post-thumbnail","hentry"],"_links":{"self":[{"href":"https:\/\/www.valer-f.es\/ca\/wp-json\/wp\/v2\/pages\/6308","targetHints":{"allow":["GET"]}}],"collection":[{"href":"https:\/\/www.valer-f.es\/ca\/wp-json\/wp\/v2\/pages"}],"about":[{"href":"https:\/\/www.valer-f.es\/ca\/wp-json\/wp\/v2\/types\/page"}],"author":[{"embeddable":true,"href":"https:\/\/www.valer-f.es\/ca\/wp-json\/wp\/v2\/users\/3"}],"replies":[{"embeddable":true,"href":"https:\/\/www.valer-f.es\/ca\/wp-json\/wp\/v2\/comments?post=6308"}],"version-history":[{"count":0,"href":"https:\/\/www.valer-f.es\/ca\/wp-json\/wp\/v2\/pages\/6308\/revisions"}],"wp:featuredmedia":[{"embeddable":true,"href":"https:\/\/www.valer-f.es\/ca\/wp-json\/wp\/v2\/media\/7071"}],"wp:attachment":[{"href":"https:\/\/www.valer-f.es\/ca\/wp-json\/wp\/v2\/media?parent=6308"}],"curies":[{"name":"wp","href":"https:\/\/api.w.org\/{rel}","templated":true}]}}