{"id":6307,"date":"2022-01-18T08:57:42","date_gmt":"2022-01-18T07:57:42","guid":{"rendered":"https:\/\/svaler.local\/?page_id=6307"},"modified":"2025-01-07T12:29:24","modified_gmt":"2025-01-07T11:29:24","slug":"gerencia","status":"publish","type":"page","link":"https:\/\/www.valer-f.es\/ca\/estructura-organitzativa\/gerencia\/","title":{"rendered":"Ger\u00e8ncia"},"content":{"rendered":"\t\t<div data-elementor-type=\"wp-page\" data-elementor-id=\"6307\" class=\"elementor elementor-6307 elementor-6016\" data-elementor-post-type=\"page\">\n\t\t\t\t\t\t<section class=\"elementor-section elementor-top-section elementor-element elementor-element-6dd955d elementor-section-boxed elementor-section-height-default elementor-section-height-default\" data-id=\"6dd955d\" data-element_type=\"section\" data-e-type=\"section\">\n\t\t\t\t\t\t<div class=\"elementor-container elementor-column-gap-wide\">\n\t\t\t\t\t<div class=\"elementor-column elementor-col-50 elementor-top-column elementor-element elementor-element-bb86ad6\" data-id=\"bb86ad6\" data-element_type=\"column\" data-e-type=\"column\" data-settings=\"{&quot;background_background&quot;:&quot;classic&quot;}\">\n\t\t\t<div class=\"elementor-widget-wrap elementor-element-populated\">\n\t\t\t\t\t\t<div class=\"elementor-element elementor-element-5c46a22 elementor-widget elementor-widget-image\" data-id=\"5c46a22\" data-element_type=\"widget\" data-e-type=\"widget\" data-widget_type=\"image.default\">\n\t\t\t\t<div class=\"elementor-widget-container\">\n\t\t\t\t\t\t\t\t\t\t\t\t\t\t\t\t<a href=\"https:\/\/www.valer-f.es\/wp-content\/uploads\/docs\/transparencia\/info-corporativa\/gerencia-curriculo.pdf\" target=\"_blank\">\n\t\t\t\t\t\t\t<img fetchpriority=\"high\" decoding=\"async\" width=\"350\" height=\"350\" src=\"data:image\/svg+xml;charset=utf-8,%3Csvg xmlns%3D'http%3A%2F%2Fwww.w3.org%2F2000%2Fsvg' viewBox%3D'0 0 350 350'%2F%3E\" data-src=\"https:\/\/www.valer-f.es\/wp-content\/uploads\/2023\/05\/monica-vazquez-moreno.png\" class=\"lazy-load attachment-full size-full wp-image-11705\" alt=\"M\u00f3nica V\u00e1zquez Moreno\" data-srcset=\"https:\/\/www.valer-f.es\/wp-content\/uploads\/2023\/05\/monica-vazquez-moreno.png 350w, https:\/\/www.valer-f.es\/wp-content\/uploads\/2023\/05\/monica-vazquez-moreno-300x300.png 300w, https:\/\/www.valer-f.es\/wp-content\/uploads\/2023\/05\/monica-vazquez-moreno-150x150.png 150w\" sizes=\"(max-width: 350px) 100vw, 350px\" \/>\t\t\t\t\t\t\t\t<\/a>\n\t\t\t\t\t\t\t\t\t\t\t\t\t\t\t<\/div>\n\t\t\t\t<\/div>\n\t\t\t\t\t<\/div>\n\t\t<\/div>\n\t\t\t\t<div class=\"elementor-column elementor-col-50 elementor-top-column elementor-element elementor-element-f076994\" data-id=\"f076994\" data-element_type=\"column\" data-e-type=\"column\" data-settings=\"{&quot;background_background&quot;:&quot;classic&quot;}\">\n\t\t\t<div class=\"elementor-widget-wrap elementor-element-populated\">\n\t\t\t\t\t\t<section class=\"elementor-section elementor-inner-section elementor-element elementor-element-2100beb elementor-section-boxed elementor-section-height-default elementor-section-height-default\" data-id=\"2100beb\" data-element_type=\"section\" data-e-type=\"section\">\n\t\t\t\t\t\t<div class=\"elementor-container elementor-column-gap-default\">\n\t\t\t\t\t<div class=\"elementor-column elementor-col-100 elementor-inner-column elementor-element elementor-element-ca8ceb4\" data-id=\"ca8ceb4\" data-element_type=\"column\" data-e-type=\"column\">\n\t\t\t<div class=\"elementor-widget-wrap elementor-element-populated\">\n\t\t\t\t\t\t<div class=\"elementor-element elementor-element-06886f2 elementor-widget elementor-widget-text-editor\" data-id=\"06886f2\" data-element_type=\"widget\" data-e-type=\"widget\" data-widget_type=\"text-editor.default\">\n\t\t\t\t<div class=\"elementor-widget-container\">\n\t\t\t\t\t\t\t\t\t<a href=\"https:\/\/www.valer-f.es\/wp-content\/uploads\/docs\/transparencia\/info-corporativa\/gerencia-curriculo.pdf\" target=\"_blank\" rel=\"noopener\">M\u00f3nica V\u00e1zquez Moreno<\/a>\t\t\t\t\t\t\t\t<\/div>\n\t\t\t\t<\/div>\n\t\t\t\t<div class=\"elementor-element elementor-element-eb5fa1c elementor-widget elementor-widget-text-editor\" data-id=\"eb5fa1c\" data-element_type=\"widget\" data-e-type=\"widget\" data-widget_type=\"text-editor.default\">\n\t\t\t\t<div class=\"elementor-widget-container\">\n\t\t\t\t\t\t\t\t\t<p>En l\u2019actualitat, M\u00f3nica V\u00e1zquez Moreno ocupa la Ger\u00e8ncia de ValER. Va ser nomenada pel Patronat de la Fundaci\u00f3 el 29 de desembre de 2022.<\/p><p>Les funcions de la persona que exercix la Ger\u00e8ncia corresponen a la direcci\u00f3 de la gesti\u00f3 econ\u00f2mica i administrativa, aix\u00ed com gestionar els recursos humans de la Fundaci\u00f3 d\u2019acord amb les directrius marcades pel Patronat.<\/p><p>Les funcions de la Ger\u00e8ncia s\u00f3n entre altres: dirigir la gesti\u00f3 econ\u00f2mica, l\u2019administrativa, i la de recursos humans de la Fundaci\u00f3.<\/p>\t\t\t\t\t\t\t\t<\/div>\n\t\t\t\t<\/div>\n\t\t\t\t\t<\/div>\n\t\t<\/div>\n\t\t\t\t\t<\/div>\n\t\t<\/section>\n\t\t\t\t\t<\/div>\n\t\t<\/div>\n\t\t\t\t\t<\/div>\n\t\t<\/section>\n\t\t\t\t<\/div>\n\t\t","protected":false},"excerpt":{"rendered":"<p>M\u00f3nica V\u00e1zquez Moreno En l\u2019actualitat, M\u00f3nica V\u00e1zquez Moreno ocupa la Ger\u00e8ncia de ValER. Va ser nomenada pel Patronat de la Fundaci\u00f3 el 29 de desembre de 2022. Les funcions de la persona que exercix la Ger\u00e8ncia corresponen a la direcci\u00f3 de la gesti\u00f3 econ\u00f2mica i administrativa, aix\u00ed com gestionar els recursos humans de la Fundaci\u00f3&hellip;<\/p>\n","protected":false},"author":3,"featured_media":8334,"parent":6247,"menu_order":0,"comment_status":"closed","ping_status":"closed","template":"","meta":{"footnotes":""},"class_list":["post-6307","page","type-page","status-publish","has-post-thumbnail","hentry"],"_links":{"self":[{"href":"https:\/\/www.valer-f.es\/ca\/wp-json\/wp\/v2\/pages\/6307","targetHints":{"allow":["GET"]}}],"collection":[{"href":"https:\/\/www.valer-f.es\/ca\/wp-json\/wp\/v2\/pages"}],"about":[{"href":"https:\/\/www.valer-f.es\/ca\/wp-json\/wp\/v2\/types\/page"}],"author":[{"embeddable":true,"href":"https:\/\/www.valer-f.es\/ca\/wp-json\/wp\/v2\/users\/3"}],"replies":[{"embeddable":true,"href":"https:\/\/www.valer-f.es\/ca\/wp-json\/wp\/v2\/comments?post=6307"}],"version-history":[{"count":0,"href":"https:\/\/www.valer-f.es\/ca\/wp-json\/wp\/v2\/pages\/6307\/revisions"}],"up":[{"embeddable":true,"href":"https:\/\/www.valer-f.es\/ca\/wp-json\/wp\/v2\/pages\/6247"}],"wp:featuredmedia":[{"embeddable":true,"href":"https:\/\/www.valer-f.es\/ca\/wp-json\/wp\/v2\/media\/8334"}],"wp:attachment":[{"href":"https:\/\/www.valer-f.es\/ca\/wp-json\/wp\/v2\/media?parent=6307"}],"curies":[{"name":"wp","href":"https:\/\/api.w.org\/{rel}","templated":true}]}}