{"id":6305,"date":"2022-01-18T09:01:47","date_gmt":"2022-01-18T08:01:47","guid":{"rendered":"https:\/\/svaler.local\/?page_id=6305"},"modified":"2025-05-06T08:48:10","modified_gmt":"2025-05-06T06:48:10","slug":"consell-cientific-assessor","status":"publish","type":"page","link":"https:\/\/www.valer-f.es\/ca\/estructura-organitzativa\/consell-cientific-assessor\/","title":{"rendered":"Consell Cient\u00edfic Assessor"},"content":{"rendered":"\t\t<div data-elementor-type=\"wp-page\" data-elementor-id=\"6305\" class=\"elementor elementor-6305 elementor-3536\" data-elementor-post-type=\"page\">\n\t\t\t\t\t\t<section class=\"elementor-section elementor-top-section elementor-element elementor-element-c59a030 elementor-section-boxed elementor-section-height-default elementor-section-height-default\" data-id=\"c59a030\" data-element_type=\"section\" data-e-type=\"section\">\n\t\t\t\t\t\t<div class=\"elementor-container elementor-column-gap-default\">\n\t\t\t\t\t<div class=\"elementor-column elementor-col-100 elementor-top-column elementor-element elementor-element-4004118\" data-id=\"4004118\" data-element_type=\"column\" data-e-type=\"column\">\n\t\t\t<div class=\"elementor-widget-wrap elementor-element-populated\">\n\t\t\t\t\t\t<div class=\"elementor-element elementor-element-b03fe42 elementor-widget elementor-widget-text-editor\" data-id=\"b03fe42\" data-element_type=\"widget\" data-e-type=\"widget\" data-widget_type=\"text-editor.default\">\n\t\t\t\t<div class=\"elementor-widget-container\">\n\t\t\t\t\t\t\t\t\t<p>El Consell Cient\u00edfic Assessor de ValER est\u00e0 presidit per la persona titular de la Direcci\u00f3 Cient\u00edfica i integrat per un nombre m\u00ednim de cinc membres i un m\u00e0xim de nou, nomenats pel Patronat a proposta de la Presid\u00e8ncia de la Fundaci\u00f3 entre persones de reconegut prestigi en el m\u00f3n cient\u00edfic.<\/p><p>Corresponen al Consell Cient\u00edfic Assessor les seg\u00fcents funcions:<\/p>\t\t\t\t\t\t\t\t<\/div>\n\t\t\t\t<\/div>\n\t\t\t\t<div class=\"elementor-element elementor-element-3515db3 organos-asesores-lista elementor-widget elementor-widget-text-editor\" data-id=\"3515db3\" data-element_type=\"widget\" data-e-type=\"widget\" data-widget_type=\"text-editor.default\">\n\t\t\t\t<div class=\"elementor-widget-container\">\n\t\t\t\t\t\t\t\t\t<ul><li>Identificar les l\u00ednies d\u2019investigaci\u00f3 estrat\u00e8giques per a la Comunitat Valenciana.<\/li><li>Assessorar el Patronat quant als objectius cient\u00edfics de la Fundaci\u00f3.<\/li><li>Proposar la composici\u00f3 dels comit\u00e9s d\u2019avaluaci\u00f3.<\/li><li>Establir els criteris per als procediments de selecci\u00f3 per a la contractaci\u00f3 de personal cient\u00edfic.<\/li><\/ul>\t\t\t\t\t\t\t\t<\/div>\n\t\t\t\t<\/div>\n\t\t\t\t\t<\/div>\n\t\t<\/div>\n\t\t\t\t\t<\/div>\n\t\t<\/section>\n\t\t\t\t<section class=\"elementor-section elementor-top-section elementor-element elementor-element-4e6dc5e section-miembros-consejo-cientifico-asesor elementor-section-boxed elementor-section-height-default elementor-section-height-default\" data-id=\"4e6dc5e\" data-element_type=\"section\" data-e-type=\"section\">\n\t\t\t\t\t\t<div class=\"elementor-container elementor-column-gap-wide\">\n\t\t\t\t\t<div class=\"elementor-column elementor-col-33 elementor-top-column elementor-element elementor-element-48fafc4\" data-id=\"48fafc4\" data-element_type=\"column\" data-e-type=\"column\">\n\t\t\t<div class=\"elementor-widget-wrap elementor-element-populated\">\n\t\t\t\t\t\t<div class=\"elementor-element elementor-element-99af78e elementor-widget elementor-widget-image\" data-id=\"99af78e\" data-element_type=\"widget\" data-e-type=\"widget\" data-widget_type=\"image.default\">\n\t\t\t\t<div class=\"elementor-widget-container\">\n\t\t\t\t\t\t\t\t\t\t\t\t\t\t\t\t<a href=\"https:\/\/www.ucm.es\/valletregigroup\" target=\"_blank\" rel=\"nofollow\">\n\t\t\t\t\t\t\t<img fetchpriority=\"high\" decoding=\"async\" width=\"350\" height=\"350\" src=\"data:image\/svg+xml;charset=utf-8,%3Csvg xmlns%3D'http%3A%2F%2Fwww.w3.org%2F2000%2Fsvg' viewBox%3D'0 0 350 350'%2F%3E\" data-src=\"https:\/\/www.valer-f.es\/wp-content\/uploads\/2021\/12\/Maria-Vallet-Regi.png\" class=\"lazy-load attachment-full size-full wp-image-3686\" alt=\"Maria Vallet Reg\u00ed\" data-srcset=\"https:\/\/www.valer-f.es\/wp-content\/uploads\/2021\/12\/Maria-Vallet-Regi.png 350w, https:\/\/www.valer-f.es\/wp-content\/uploads\/2021\/12\/Maria-Vallet-Regi-300x300.png 300w, https:\/\/www.valer-f.es\/wp-content\/uploads\/2021\/12\/Maria-Vallet-Regi-150x150.png 150w\" sizes=\"(max-width: 350px) 100vw, 350px\" \/>\t\t\t\t\t\t\t\t<\/a>\n\t\t\t\t\t\t\t\t\t\t\t\t\t\t\t<\/div>\n\t\t\t\t<\/div>\n\t\t\t\t<section class=\"elementor-section elementor-inner-section elementor-element elementor-element-7e9da5e consejo-cientifico-asesor-item-txt-container consejo-cientifico-asesor-item-txt-container-1st-row elementor-section-boxed elementor-section-height-default elementor-section-height-default\" data-id=\"7e9da5e\" data-element_type=\"section\" data-e-type=\"section\" data-settings=\"{&quot;background_background&quot;:&quot;classic&quot;}\">\n\t\t\t\t\t\t<div class=\"elementor-container elementor-column-gap-no\">\n\t\t\t\t\t<div class=\"elementor-column elementor-col-100 elementor-inner-column elementor-element elementor-element-592bf35\" data-id=\"592bf35\" data-element_type=\"column\" data-e-type=\"column\">\n\t\t\t<div class=\"elementor-widget-wrap elementor-element-populated\">\n\t\t\t\t\t\t<div class=\"elementor-element elementor-element-d8b520a elementor-widget elementor-widget-text-editor\" data-id=\"d8b520a\" data-element_type=\"widget\" data-e-type=\"widget\" data-widget_type=\"text-editor.default\">\n\t\t\t\t<div class=\"elementor-widget-container\">\n\t\t\t\t\t\t\t\t\t<a href=\"https:\/\/www.ucm.es\/valletregigroup\" target=\"_blank\" rel=\"noopener\">Prof. Maria Vallet Reg\u00ed<\/a>\t\t\t\t\t\t\t\t<\/div>\n\t\t\t\t<\/div>\n\t\t\t\t<div class=\"elementor-element elementor-element-9f43317 elementor-widget elementor-widget-text-editor\" data-id=\"9f43317\" data-element_type=\"widget\" data-e-type=\"widget\" data-widget_type=\"text-editor.default\">\n\t\t\t\t<div class=\"elementor-widget-container\">\n\t\t\t\t\t\t\t\t\t<p>Catedr\u00e0tica de Qu\u00edmica Inorg\u00e0nica<br \/>Universitat Complutense de Madrid<br \/>Premi Nacional d&#8217;Investigaci\u00f3 en Enginyeria <br \/>Premi Rei Jaume I d&#8217;Investigaci\u00f3 B\u00e0sica<\/p>\t\t\t\t\t\t\t\t<\/div>\n\t\t\t\t<\/div>\n\t\t\t\t\t<\/div>\n\t\t<\/div>\n\t\t\t\t\t<\/div>\n\t\t<\/section>\n\t\t\t\t\t<\/div>\n\t\t<\/div>\n\t\t\t\t<div class=\"elementor-column elementor-col-33 elementor-top-column elementor-element elementor-element-ed3e778\" data-id=\"ed3e778\" data-element_type=\"column\" data-e-type=\"column\">\n\t\t\t<div class=\"elementor-widget-wrap elementor-element-populated\">\n\t\t\t\t\t\t<div class=\"elementor-element elementor-element-e6a253c elementor-widget elementor-widget-image\" data-id=\"e6a253c\" data-element_type=\"widget\" data-e-type=\"widget\" data-widget_type=\"image.default\">\n\t\t\t\t<div class=\"elementor-widget-container\">\n\t\t\t\t\t\t\t\t\t\t\t\t\t\t\t\t<a href=\"https:\/\/www.idaea.csic.es\/person\/xavier-querol\/\" target=\"_blank\" rel=\"nofollow\">\n\t\t\t\t\t\t\t<img loading=\"lazy\" decoding=\"async\" width=\"350\" height=\"350\" class=\"lazy-load \" src=\"data:image\/svg+xml;charset=utf-8,%3Csvg xmlns%3D'http%3A%2F%2Fwww.w3.org%2F2000%2Fsvg' viewBox%3D'0 0 350 350'%2F%3E\" data-src=\"https:\/\/www.valer-f.es\/wp-content\/uploads\/elementor\/thumbs\/Xavier-Querol-pllnl3do1ia2ecua11mlfbb3vz6lav7jf26qn7zmss.png\" title=\"Xavier Querol Carceller\" alt=\"Xavier Querol Carceller\" loading=\"lazy\" \/>\t\t\t\t\t\t\t\t<\/a>\n\t\t\t\t\t\t\t\t\t\t\t\t\t\t\t<\/div>\n\t\t\t\t<\/div>\n\t\t\t\t<section class=\"elementor-section elementor-inner-section elementor-element elementor-element-bac9ce3 consejo-cientifico-asesor-item-txt-container consejo-cientifico-asesor-item-txt-container-1st-row elementor-section-boxed elementor-section-height-default elementor-section-height-default\" data-id=\"bac9ce3\" data-element_type=\"section\" data-e-type=\"section\" data-settings=\"{&quot;background_background&quot;:&quot;classic&quot;}\">\n\t\t\t\t\t\t<div class=\"elementor-container elementor-column-gap-no\">\n\t\t\t\t\t<div class=\"elementor-column elementor-col-100 elementor-inner-column elementor-element elementor-element-c283744\" data-id=\"c283744\" data-element_type=\"column\" data-e-type=\"column\">\n\t\t\t<div class=\"elementor-widget-wrap elementor-element-populated\">\n\t\t\t\t\t\t<div class=\"elementor-element elementor-element-6da85c8 elementor-widget elementor-widget-text-editor\" data-id=\"6da85c8\" data-element_type=\"widget\" data-e-type=\"widget\" data-widget_type=\"text-editor.default\">\n\t\t\t\t<div class=\"elementor-widget-container\">\n\t\t\t\t\t\t\t\t\t<a href=\"https:\/\/www.idaea.csic.es\/person\/xavier-querol\/\" target=\"_blank\" rel=\"noopener\">Prof. Xavier Querol Carceller<\/a>\t\t\t\t\t\t\t\t<\/div>\n\t\t\t\t<\/div>\n\t\t\t\t<div class=\"elementor-element elementor-element-952b59f elementor-widget elementor-widget-text-editor\" data-id=\"952b59f\" data-element_type=\"widget\" data-e-type=\"widget\" data-widget_type=\"text-editor.default\">\n\t\t\t\t<div class=\"elementor-widget-container\">\n\t\t\t\t\t\t\t\t\t<p>Professor d&#8217;Investigaci\u00f3 del CSIC<br \/>Institut de Diagn\u00f2stic Ambiental i Estudis de l&#8217;Aigua (IDAEA) de Barcelona<br \/>Premi Nacional d&#8217;Investigaci\u00f3 en Ci\u00e8ncies i Tecnologies dels Recursos Naturals<br \/>Premi Rei Jaume I de Protecci\u00f3 del Medi Ambient<\/p>\t\t\t\t\t\t\t\t<\/div>\n\t\t\t\t<\/div>\n\t\t\t\t\t<\/div>\n\t\t<\/div>\n\t\t\t\t\t<\/div>\n\t\t<\/section>\n\t\t\t\t\t<\/div>\n\t\t<\/div>\n\t\t\t\t<div class=\"elementor-column elementor-col-33 elementor-top-column elementor-element elementor-element-e162480\" data-id=\"e162480\" data-element_type=\"column\" data-e-type=\"column\">\n\t\t\t<div class=\"elementor-widget-wrap elementor-element-populated\">\n\t\t\t\t\t\t<div class=\"elementor-element elementor-element-14461ea elementor-widget elementor-widget-image\" data-id=\"14461ea\" data-element_type=\"widget\" data-e-type=\"widget\" data-widget_type=\"image.default\">\n\t\t\t\t<div class=\"elementor-widget-container\">\n\t\t\t\t\t\t\t\t\t\t\t\t\t\t\t\t<a href=\"https:\/\/www.kuleuven.be\/wieiswie\/en\/person\/00005697\" target=\"_blank\" rel=\"nofollow\">\n\t\t\t\t\t\t\t<img decoding=\"async\" width=\"350\" height=\"350\" src=\"data:image\/svg+xml;charset=utf-8,%3Csvg xmlns%3D'http%3A%2F%2Fwww.w3.org%2F2000%2Fsvg' viewBox%3D'0 0 350 350'%2F%3E\" data-src=\"https:\/\/www.valer-f.es\/wp-content\/uploads\/2021\/12\/Reinhilde-Veugelers.png\" class=\"lazy-load attachment-full size-full wp-image-3692\" alt=\"Reinhilde Veugelers\" data-srcset=\"https:\/\/www.valer-f.es\/wp-content\/uploads\/2021\/12\/Reinhilde-Veugelers.png 350w, https:\/\/www.valer-f.es\/wp-content\/uploads\/2021\/12\/Reinhilde-Veugelers-300x300.png 300w, https:\/\/www.valer-f.es\/wp-content\/uploads\/2021\/12\/Reinhilde-Veugelers-150x150.png 150w\" sizes=\"(max-width: 350px) 100vw, 350px\" \/>\t\t\t\t\t\t\t\t<\/a>\n\t\t\t\t\t\t\t\t\t\t\t\t\t\t\t<\/div>\n\t\t\t\t<\/div>\n\t\t\t\t<section class=\"elementor-section elementor-inner-section elementor-element elementor-element-3cfca2b consejo-cientifico-asesor-item-txt-container consejo-cientifico-asesor-item-txt-container-1st-row elementor-section-boxed elementor-section-height-default elementor-section-height-default\" data-id=\"3cfca2b\" data-element_type=\"section\" data-e-type=\"section\" data-settings=\"{&quot;background_background&quot;:&quot;classic&quot;}\">\n\t\t\t\t\t\t<div class=\"elementor-container elementor-column-gap-no\">\n\t\t\t\t\t<div class=\"elementor-column elementor-col-100 elementor-inner-column elementor-element elementor-element-d97498f\" data-id=\"d97498f\" data-element_type=\"column\" data-e-type=\"column\">\n\t\t\t<div class=\"elementor-widget-wrap elementor-element-populated\">\n\t\t\t\t\t\t<div class=\"elementor-element elementor-element-2f163f1 elementor-widget elementor-widget-text-editor\" data-id=\"2f163f1\" data-element_type=\"widget\" data-e-type=\"widget\" data-widget_type=\"text-editor.default\">\n\t\t\t\t<div class=\"elementor-widget-container\">\n\t\t\t\t\t\t\t\t\t<a href=\"https:\/\/www.kuleuven.be\/wieiswie\/en\/person\/00005697\" target=\"_blank\" rel=\"noopener\">Prof. Reinhilde Veugelers<\/a>\t\t\t\t\t\t\t\t<\/div>\n\t\t\t\t<\/div>\n\t\t\t\t<div class=\"elementor-element elementor-element-13ac2ce elementor-widget elementor-widget-text-editor\" data-id=\"13ac2ce\" data-element_type=\"widget\" data-e-type=\"widget\" data-widget_type=\"text-editor.default\">\n\t\t\t\t<div class=\"elementor-widget-container\">\n\t\t\t\t\t\t\t\t\t<p>Catedr\u00e0tica d&#8217;Economia i Negocis<br \/>Universitat Cat\u00f2lica de Lovaina (B\u00e8lgica)<br \/>Assessora en la Comissi\u00f3 Europea (BEPA, Bureau of European Policy Analysis)<\/p>\t\t\t\t\t\t\t\t<\/div>\n\t\t\t\t<\/div>\n\t\t\t\t\t<\/div>\n\t\t<\/div>\n\t\t\t\t\t<\/div>\n\t\t<\/section>\n\t\t\t\t\t<\/div>\n\t\t<\/div>\n\t\t\t\t\t<\/div>\n\t\t<\/section>\n\t\t\t\t<section class=\"elementor-section elementor-top-section elementor-element elementor-element-ca47086 section-miembros-consejo-cientifico-asesor elementor-section-boxed elementor-section-height-default elementor-section-height-default\" data-id=\"ca47086\" data-element_type=\"section\" data-e-type=\"section\">\n\t\t\t\t\t\t<div class=\"elementor-container elementor-column-gap-wide\">\n\t\t\t\t\t<div class=\"elementor-column elementor-col-33 elementor-top-column elementor-element elementor-element-1dd91bc\" data-id=\"1dd91bc\" data-element_type=\"column\" data-e-type=\"column\">\n\t\t\t<div class=\"elementor-widget-wrap elementor-element-populated\">\n\t\t\t\t\t\t<div class=\"elementor-element elementor-element-1e3b2fe elementor-widget elementor-widget-image\" data-id=\"1e3b2fe\" data-element_type=\"widget\" data-e-type=\"widget\" data-widget_type=\"image.default\">\n\t\t\t\t<div class=\"elementor-widget-container\">\n\t\t\t\t\t\t\t\t\t\t\t\t\t\t\t\t<a href=\"https:\/\/www.hhs.k-state.edu\/fndh\/people\/faculty\/echambers\/\" target=\"_blank\" rel=\"nofollow\">\n\t\t\t\t\t\t\t<img loading=\"lazy\" decoding=\"async\" width=\"350\" height=\"350\" class=\"lazy-load \" src=\"data:image\/svg+xml;charset=utf-8,%3Csvg xmlns%3D'http%3A%2F%2Fwww.w3.org%2F2000%2Fsvg' viewBox%3D'0 0 350 350'%2F%3E\" data-src=\"https:\/\/www.valer-f.es\/wp-content\/uploads\/elementor\/thumbs\/Edgar-Chambers-pllnl3do1ia2ecua11mlfbb3vz6lav7jf26qn7zmss.png\" title=\"Edgar Chambers IV\" alt=\"Edgar Chambers IV\" loading=\"lazy\" \/>\t\t\t\t\t\t\t\t<\/a>\n\t\t\t\t\t\t\t\t\t\t\t\t\t\t\t<\/div>\n\t\t\t\t<\/div>\n\t\t\t\t<section class=\"elementor-section elementor-inner-section elementor-element elementor-element-dbd9e46 consejo-cientifico-asesor-item-txt-container consejo-cientifico-asesor-item-txt-container-2nd-row elementor-section-boxed elementor-section-height-default elementor-section-height-default\" data-id=\"dbd9e46\" data-element_type=\"section\" data-e-type=\"section\" data-settings=\"{&quot;background_background&quot;:&quot;classic&quot;}\">\n\t\t\t\t\t\t<div class=\"elementor-container elementor-column-gap-no\">\n\t\t\t\t\t<div class=\"elementor-column elementor-col-100 elementor-inner-column elementor-element elementor-element-d0351d1\" data-id=\"d0351d1\" data-element_type=\"column\" data-e-type=\"column\">\n\t\t\t<div class=\"elementor-widget-wrap elementor-element-populated\">\n\t\t\t\t\t\t<div class=\"elementor-element elementor-element-192d245 elementor-widget elementor-widget-text-editor\" data-id=\"192d245\" data-element_type=\"widget\" data-e-type=\"widget\" data-widget_type=\"text-editor.default\">\n\t\t\t\t<div class=\"elementor-widget-container\">\n\t\t\t\t\t\t\t\t\t<a href=\"https:\/\/www.hhs.k-state.edu\/fndh\/people\/faculty\/echambers\/\" target=\"_blank\" rel=\"noopener\">Prof. Edgar Chambers IV<\/a>\t\t\t\t\t\t\t\t<\/div>\n\t\t\t\t<\/div>\n\t\t\t\t<div class=\"elementor-element elementor-element-4f84105 elementor-widget elementor-widget-text-editor\" data-id=\"4f84105\" data-element_type=\"widget\" data-e-type=\"widget\" data-widget_type=\"text-editor.default\">\n\t\t\t\t<div class=\"elementor-widget-container\">\n\t\t\t\t\t\t\t\t\t<p>Professor Distingit <br \/>Departament d&#8217;Aliments, Nutrici\u00f3, Diet\u00e8tica i Salut<br \/>Universitat de Kansas (EUA)<br \/>Premi David R. Peryam sobre avaluaci\u00f3 sensorial<\/p>\t\t\t\t\t\t\t\t<\/div>\n\t\t\t\t<\/div>\n\t\t\t\t\t<\/div>\n\t\t<\/div>\n\t\t\t\t\t<\/div>\n\t\t<\/section>\n\t\t\t\t\t<\/div>\n\t\t<\/div>\n\t\t\t\t<div class=\"elementor-column elementor-col-33 elementor-top-column elementor-element elementor-element-299943a\" data-id=\"299943a\" data-element_type=\"column\" data-e-type=\"column\">\n\t\t\t<div class=\"elementor-widget-wrap elementor-element-populated\">\n\t\t\t\t\t\t<div class=\"elementor-element elementor-element-005472f elementor-widget elementor-widget-image\" data-id=\"005472f\" data-element_type=\"widget\" data-e-type=\"widget\" data-widget_type=\"image.default\">\n\t\t\t\t<div class=\"elementor-widget-container\">\n\t\t\t\t\t\t\t\t\t\t\t\t\t\t\t\t<a href=\"https:\/\/www.ehu.eus\/es\/web\/doktoregoa\/doctorado-psicologia\/profesorado?p_redirect=fichaPDI&#038;p_idp=3802\" target=\"_blank\" rel=\"nofollow\">\n\t\t\t\t\t\t\t<img decoding=\"async\" width=\"350\" height=\"350\" src=\"data:image\/svg+xml;charset=utf-8,%3Csvg xmlns%3D'http%3A%2F%2Fwww.w3.org%2F2000%2Fsvg' viewBox%3D'0 0 350 350'%2F%3E\" data-src=\"https:\/\/www.valer-f.es\/wp-content\/uploads\/2021\/12\/Nekane-Balluerka.png\" class=\"lazy-load attachment-full size-full wp-image-3689\" alt=\"Nekane Balluerka\" data-srcset=\"https:\/\/www.valer-f.es\/wp-content\/uploads\/2021\/12\/Nekane-Balluerka.png 350w, https:\/\/www.valer-f.es\/wp-content\/uploads\/2021\/12\/Nekane-Balluerka-300x300.png 300w, https:\/\/www.valer-f.es\/wp-content\/uploads\/2021\/12\/Nekane-Balluerka-150x150.png 150w\" sizes=\"(max-width: 350px) 100vw, 350px\" \/>\t\t\t\t\t\t\t\t<\/a>\n\t\t\t\t\t\t\t\t\t\t\t\t\t\t\t<\/div>\n\t\t\t\t<\/div>\n\t\t\t\t<section class=\"elementor-section elementor-inner-section elementor-element elementor-element-fd3bbbb consejo-cientifico-asesor-item-txt-container consejo-cientifico-asesor-item-txt-container-2nd-row elementor-section-boxed elementor-section-height-default elementor-section-height-default\" data-id=\"fd3bbbb\" data-element_type=\"section\" data-e-type=\"section\" data-settings=\"{&quot;background_background&quot;:&quot;classic&quot;}\">\n\t\t\t\t\t\t<div class=\"elementor-container elementor-column-gap-no\">\n\t\t\t\t\t<div class=\"elementor-column elementor-col-100 elementor-inner-column elementor-element elementor-element-76f052d\" data-id=\"76f052d\" data-element_type=\"column\" data-e-type=\"column\">\n\t\t\t<div class=\"elementor-widget-wrap elementor-element-populated\">\n\t\t\t\t\t\t<div class=\"elementor-element elementor-element-9a0744d elementor-widget elementor-widget-text-editor\" data-id=\"9a0744d\" data-element_type=\"widget\" data-e-type=\"widget\" data-widget_type=\"text-editor.default\">\n\t\t\t\t<div class=\"elementor-widget-container\">\n\t\t\t\t\t\t\t\t\t<a href=\"https:\/\/www.ehu.eus\/es\/web\/doktoregoa\/doctorado-psicologia\/profesorado?p_redirect=fichaPDI&amp;p_idp=3802\" target=\"_blank\" rel=\"noopener\">Prof. Nekane Balluerka<\/a>\t\t\t\t\t\t\t\t<\/div>\n\t\t\t\t<\/div>\n\t\t\t\t<div class=\"elementor-element elementor-element-7c25fc4 elementor-widget elementor-widget-text-editor\" data-id=\"7c25fc4\" data-element_type=\"widget\" data-e-type=\"widget\" data-widget_type=\"text-editor.default\">\n\t\t\t\t<div class=\"elementor-widget-container\">\n\t\t\t\t\t\t\t\t\t<p>Catedr\u00e0tica de Metodologia de les Ci\u00e8ncies del Comportament<br \/>Universitat del Pa\u00eds Basc<br \/>Membre de l\u2019European Association of Metodology (EAM)<\/p>\t\t\t\t\t\t\t\t<\/div>\n\t\t\t\t<\/div>\n\t\t\t\t\t<\/div>\n\t\t<\/div>\n\t\t\t\t\t<\/div>\n\t\t<\/section>\n\t\t\t\t\t<\/div>\n\t\t<\/div>\n\t\t\t\t<div class=\"elementor-column elementor-col-33 elementor-top-column elementor-element elementor-element-0203da0\" data-id=\"0203da0\" data-element_type=\"column\" data-e-type=\"column\">\n\t\t\t<div class=\"elementor-widget-wrap elementor-element-populated\">\n\t\t\t\t\t\t<div class=\"elementor-element elementor-element-d703435 elementor-widget elementor-widget-image\" data-id=\"d703435\" data-element_type=\"widget\" data-e-type=\"widget\" data-widget_type=\"image.default\">\n\t\t\t\t<div class=\"elementor-widget-container\">\n\t\t\t\t\t\t\t\t\t\t\t\t\t\t\t\t<a href=\"https:\/\/www.ehu.eus\/es\/web\/doktoregoa\/doctorado-psicologia\/profesorado?p_redirect=fichaPDI&#038;p_idp=3802\" target=\"_blank\" rel=\"nofollow\">\n\t\t\t\t\t\t\t<img loading=\"lazy\" decoding=\"async\" width=\"350\" height=\"350\" src=\"data:image\/svg+xml;charset=utf-8,%3Csvg xmlns%3D'http%3A%2F%2Fwww.w3.org%2F2000%2Fsvg' viewBox%3D'0 0 350 350'%2F%3E\" data-src=\"https:\/\/www.valer-f.es\/wp-content\/uploads\/2025\/01\/prof-inigo-c.png\" class=\"lazy-load attachment-full size-full wp-image-12942\" alt=\"\" data-srcset=\"https:\/\/www.valer-f.es\/wp-content\/uploads\/2025\/01\/prof-inigo-c.png 350w, https:\/\/www.valer-f.es\/wp-content\/uploads\/2025\/01\/prof-inigo-c-300x300.png 300w, https:\/\/www.valer-f.es\/wp-content\/uploads\/2025\/01\/prof-inigo-c-150x150.png 150w\" sizes=\"(max-width: 350px) 100vw, 350px\" \/>\t\t\t\t\t\t\t\t<\/a>\n\t\t\t\t\t\t\t\t\t\t\t\t\t\t\t<\/div>\n\t\t\t\t<\/div>\n\t\t\t\t<section class=\"elementor-section elementor-inner-section elementor-element elementor-element-d997801 consejo-cientifico-asesor-item-txt-container consejo-cientifico-asesor-item-txt-container-2nd-row elementor-section-boxed elementor-section-height-default elementor-section-height-default\" data-id=\"d997801\" data-element_type=\"section\" data-e-type=\"section\" data-settings=\"{&quot;background_background&quot;:&quot;classic&quot;}\">\n\t\t\t\t\t\t<div class=\"elementor-container elementor-column-gap-no\">\n\t\t\t\t\t<div class=\"elementor-column elementor-col-100 elementor-inner-column elementor-element elementor-element-2a0e724\" data-id=\"2a0e724\" data-element_type=\"column\" data-e-type=\"column\">\n\t\t\t<div class=\"elementor-widget-wrap elementor-element-populated\">\n\t\t\t\t\t\t<div class=\"elementor-element elementor-element-157925c elementor-widget elementor-widget-text-editor\" data-id=\"157925c\" data-element_type=\"widget\" data-e-type=\"widget\" data-widget_type=\"text-editor.default\">\n\t\t\t\t<div class=\"elementor-widget-container\">\n\t\t\t\t\t\t\t\t\t<a href=\"https:\/\/ihcantabria.com\/directorio-personal\/inigo-losada\/\" target=\"_blank\" rel=\"noopener\">Prof. I\u00f1igo J. Losada Rodr\u00edguez<\/a>\t\t\t\t\t\t\t\t<\/div>\n\t\t\t\t<\/div>\n\t\t\t\t<div class=\"elementor-element elementor-element-2fa4ba2 elementor-widget elementor-widget-text-editor\" data-id=\"2fa4ba2\" data-element_type=\"widget\" data-e-type=\"widget\" data-widget_type=\"text-editor.default\">\n\t\t\t\t<div class=\"elementor-widget-container\">\n\t\t\t\t\t\t\t\t\t<p>Catedr\u00e0tic d&#8217;Enginyeria Hidr\u00e0ulica de la Universitat de Cant\u00e0bria<\/p><p>Premi Nacional d&#8217;Investigaci\u00f3 en Enginyeria i Arquitectura<\/p><p>Premi Rei Jaume I de Protecci\u00f3 del Medi Ambient<\/p>\t\t\t\t\t\t\t\t<\/div>\n\t\t\t\t<\/div>\n\t\t\t\t\t<\/div>\n\t\t<\/div>\n\t\t\t\t\t<\/div>\n\t\t<\/section>\n\t\t\t\t\t<\/div>\n\t\t<\/div>\n\t\t\t\t\t<\/div>\n\t\t<\/section>\n\t\t\t\t<\/div>\n\t\t","protected":false},"excerpt":{"rendered":"<p>El Consell Cient\u00edfic Assessor de ValER est\u00e0 presidit per la persona titular de la Direcci\u00f3 Cient\u00edfica i integrat per un nombre m\u00ednim de cinc membres i un m\u00e0xim de nou, nomenats pel Patronat a proposta de la Presid\u00e8ncia de la Fundaci\u00f3 entre persones de reconegut prestigi en el m\u00f3n cient\u00edfic. Corresponen al Consell Cient\u00edfic Assessor&hellip;<\/p>\n","protected":false},"author":3,"featured_media":8334,"parent":6247,"menu_order":0,"comment_status":"closed","ping_status":"closed","template":"","meta":{"footnotes":""},"class_list":["post-6305","page","type-page","status-publish","has-post-thumbnail","hentry"],"_links":{"self":[{"href":"https:\/\/www.valer-f.es\/ca\/wp-json\/wp\/v2\/pages\/6305","targetHints":{"allow":["GET"]}}],"collection":[{"href":"https:\/\/www.valer-f.es\/ca\/wp-json\/wp\/v2\/pages"}],"about":[{"href":"https:\/\/www.valer-f.es\/ca\/wp-json\/wp\/v2\/types\/page"}],"author":[{"embeddable":true,"href":"https:\/\/www.valer-f.es\/ca\/wp-json\/wp\/v2\/users\/3"}],"replies":[{"embeddable":true,"href":"https:\/\/www.valer-f.es\/ca\/wp-json\/wp\/v2\/comments?post=6305"}],"version-history":[{"count":0,"href":"https:\/\/www.valer-f.es\/ca\/wp-json\/wp\/v2\/pages\/6305\/revisions"}],"up":[{"embeddable":true,"href":"https:\/\/www.valer-f.es\/ca\/wp-json\/wp\/v2\/pages\/6247"}],"wp:featuredmedia":[{"embeddable":true,"href":"https:\/\/www.valer-f.es\/ca\/wp-json\/wp\/v2\/media\/8334"}],"wp:attachment":[{"href":"https:\/\/www.valer-f.es\/ca\/wp-json\/wp\/v2\/media?parent=6305"}],"curies":[{"name":"wp","href":"https:\/\/api.w.org\/{rel}","templated":true}]}}