{"id":6235,"date":"2022-01-18T06:50:54","date_gmt":"2022-01-18T05:50:54","guid":{"rendered":"https:\/\/svaler.local\/?page_id=6235"},"modified":"2025-12-23T15:26:09","modified_gmt":"2025-12-23T14:26:09","slug":"qui-som","status":"publish","type":"page","link":"https:\/\/www.valer-f.es\/ca\/qui-som\/","title":{"rendered":"Qui Som"},"content":{"rendered":"\t\t<div data-elementor-type=\"wp-page\" data-elementor-id=\"6235\" class=\"elementor elementor-6235 elementor-5418\" data-elementor-post-type=\"page\">\n\t\t\t\t\t\t<section class=\"elementor-section elementor-top-section elementor-element elementor-element-84093bf elementor-section-height-min-height elementor-section-stretched header-img-bk-img elementor-section-boxed elementor-section-height-default elementor-section-items-middle elementor-invisible\" data-id=\"84093bf\" data-element_type=\"section\" data-e-type=\"section\" data-settings=\"{&quot;background_background&quot;:&quot;classic&quot;,&quot;background_motion_fx_motion_fx_scrolling&quot;:&quot;yes&quot;,&quot;background_motion_fx_translateY_effect&quot;:&quot;yes&quot;,&quot;background_motion_fx_translateY_direction&quot;:&quot;negative&quot;,&quot;animation&quot;:&quot;fadeIn&quot;,&quot;stretch_section&quot;:&quot;section-stretched&quot;,&quot;animation_delay&quot;:200,&quot;background_motion_fx_translateY_speed&quot;:{&quot;unit&quot;:&quot;px&quot;,&quot;size&quot;:4,&quot;sizes&quot;:[]},&quot;background_motion_fx_translateY_affectedRange&quot;:{&quot;unit&quot;:&quot;%&quot;,&quot;size&quot;:&quot;&quot;,&quot;sizes&quot;:{&quot;start&quot;:0,&quot;end&quot;:100}},&quot;background_motion_fx_devices&quot;:[&quot;desktop&quot;,&quot;tablet&quot;,&quot;mobile&quot;]}\">\n\t\t\t\t\t\t\t<div class=\"elementor-background-overlay\"><\/div>\n\t\t\t\t\t\t\t<div class=\"elementor-container elementor-column-gap-default\">\n\t\t\t\t\t<div class=\"elementor-column elementor-col-100 elementor-top-column elementor-element elementor-element-73f554a\" data-id=\"73f554a\" data-element_type=\"column\" data-e-type=\"column\">\n\t\t\t<div class=\"elementor-widget-wrap\">\n\t\t\t\t\t\t\t<\/div>\n\t\t<\/div>\n\t\t\t\t\t<\/div>\n\t\t<\/section>\n\t\t\t\t<section class=\"elementor-section elementor-top-section elementor-element elementor-element-c8d3a1c elementor-section-full_width elementor-section-stretched elementor-section-height-default elementor-section-height-default elementor-invisible\" data-id=\"c8d3a1c\" data-element_type=\"section\" data-e-type=\"section\" data-settings=\"{&quot;background_background&quot;:&quot;classic&quot;,&quot;animation&quot;:&quot;fadeIn&quot;,&quot;stretch_section&quot;:&quot;section-stretched&quot;,&quot;animation_delay&quot;:200}\">\n\t\t\t\t\t\t<div class=\"elementor-container elementor-column-gap-default\">\n\t\t\t\t\t<div class=\"elementor-column elementor-col-100 elementor-top-column elementor-element elementor-element-480aa7e\" data-id=\"480aa7e\" data-element_type=\"column\" data-e-type=\"column\">\n\t\t\t<div class=\"elementor-widget-wrap elementor-element-populated\">\n\t\t\t\t\t\t<div class=\"elementor-element elementor-element-690d281 header-img-page-title elementor-widget elementor-widget-heading\" data-id=\"690d281\" data-element_type=\"widget\" data-e-type=\"widget\" data-widget_type=\"heading.default\">\n\t\t\t\t<div class=\"elementor-widget-container\">\n\t\t\t\t\t<h1 class=\"elementor-heading-title elementor-size-default\">Qui Som<\/h1>\t\t\t\t<\/div>\n\t\t\t\t<\/div>\n\t\t\t\t\t<\/div>\n\t\t<\/div>\n\t\t\t\t\t<\/div>\n\t\t<\/section>\n\t\t\t\t<section class=\"elementor-section elementor-top-section elementor-element elementor-element-c41deeb elementor-section-boxed elementor-section-height-default elementor-section-height-default\" data-id=\"c41deeb\" data-element_type=\"section\" data-e-type=\"section\">\n\t\t\t\t\t\t<div class=\"elementor-container elementor-column-gap-default\">\n\t\t\t\t\t<div class=\"elementor-column elementor-col-100 elementor-top-column elementor-element elementor-element-5bdb6e5\" data-id=\"5bdb6e5\" data-element_type=\"column\" data-e-type=\"column\">\n\t\t\t<div class=\"elementor-widget-wrap elementor-element-populated\">\n\t\t\t\t\t\t<div class=\"elementor-element elementor-element-f3437e4 elementor-widget elementor-widget-text-editor\" data-id=\"f3437e4\" data-element_type=\"widget\" data-e-type=\"widget\" data-widget_type=\"text-editor.default\">\n\t\t\t\t<div class=\"elementor-widget-container\">\n\t\t\t\t\t\t\t\t\t<h2>ValER, Fundaci\u00f3 Valenciana per a la Investigaci\u00f3 d&#8217;Excel\u00b7l\u00e8ncia <\/h2>\t\t\t\t\t\t\t\t<\/div>\n\t\t\t\t<\/div>\n\t\t\t\t<div class=\"elementor-element elementor-element-621e894 elementor-widget elementor-widget-text-editor\" data-id=\"621e894\" data-element_type=\"widget\" data-e-type=\"widget\" data-widget_type=\"text-editor.default\">\n\t\t\t\t<div class=\"elementor-widget-container\">\n\t\t\t\t\t\t\t\t\t<p>La Fundaci\u00f3 de la Comunitat Valenciana d&#8217;Investigaci\u00f3 d&#8217;Excel\u00b7l\u00e8ncia o Valencian Foundation for Excellence in Research va ser creada per la Generalitat Valenciana en 2021 amb la finalitat d\u2019enfortir el Sistema Valenci\u00e0 de Ci\u00e8ncia i Investigaci\u00f3 (SVCI), mitjan\u00e7ant l\u2019atracci\u00f3 i consolidaci\u00f3 de persones investigadores de tot el m\u00f3n.<\/p><p>El context actual cient\u00edfic i acad\u00e8mic est\u00e0 marcat per una competitivitat necess\u00e0ria que condu\u00efx a l\u2019excel\u00b7l\u00e8ncia i permet donar resposta als problemes actuals de la societat. Per eixe motiu, ValER planteja noves formes de contractaci\u00f3 capaces de competir amb sistemes d\u2019investigaci\u00f3 d\u2019altres pa\u00efsos, per a atraure d\u2019eixa manera personal cient\u00edfic i acad\u00e8mic del m\u00e9s alt nivell.<\/p><p>Aix\u00ed mateix, ValER oferix contractes permanents a investigadors i investigadores de tot el m\u00f3n per a desenrotllar la seua carrera professional a la Comunitat Valenciana. Eixa contractaci\u00f3 es dur\u00e0 a terme mitjan\u00e7ant concursos p\u00fablics en r\u00e8gim de concurr\u00e8ncia competitiva a escala internacional, en els quals el criteri de valoraci\u00f3 \u00e9s l\u2019excel\u00b7l\u00e8ncia investigadora.<\/p><p>ValER \u00e9s una instituci\u00f3 oberta que treballa juntament amb\u00a0 les universitats i centres d\u2019investigaci\u00f3 de la Comunitat Valenciana. En este sentit, ValER integrar\u00e0 el seu personal investigador en el Sistema d\u2019Investigaci\u00f3 Valenci\u00e0.<\/p><p>Amb la creaci\u00f3 de ValER, la Generalitat Valenciana complementa les pol\u00edtiques de captaci\u00f3 de talent que est\u00e0 desenrotllant a trav\u00e9s de programes com el <strong>Pla GenT<\/strong> mitjan\u00e7ant la contractaci\u00f3 de joves investigadors amb una traject\u00f2ria internacional reconeguda. Este tipus d\u2019iniciatives servixen per a refor\u00e7ar el nostre sistema de ci\u00e8ncia i investigaci\u00f3, objectiu prioritari del Govern valenci\u00e0.<\/p>\t\t\t\t\t\t\t\t<\/div>\n\t\t\t\t<\/div>\n\t\t\t\t\t<\/div>\n\t\t<\/div>\n\t\t\t\t\t<\/div>\n\t\t<\/section>\n\t\t\t\t<\/div>\n\t\t","protected":false},"excerpt":{"rendered":"<p>ValER, Fundaci\u00f3 Valenciana per a la Investigaci\u00f3 d&#8217;Excel\u00b7l\u00e8ncia La Fundaci\u00f3 de la Comunitat Valenciana d&#8217;Investigaci\u00f3 d&#8217;Excel\u00b7l\u00e8ncia o Valencian Foundation for Excellence in Research va ser creada per la Generalitat Valenciana en 2021 amb la finalitat d\u2019enfortir el Sistema Valenci\u00e0 de Ci\u00e8ncia i Investigaci\u00f3 (SVCI), mitjan\u00e7ant l\u2019atracci\u00f3 i consolidaci\u00f3 de persones investigadores de tot el m\u00f3n.&hellip;<\/p>\n","protected":false},"author":3,"featured_media":7053,"parent":0,"menu_order":0,"comment_status":"closed","ping_status":"closed","template":"","meta":{"footnotes":""},"class_list":["post-6235","page","type-page","status-publish","has-post-thumbnail","hentry"],"_links":{"self":[{"href":"https:\/\/www.valer-f.es\/ca\/wp-json\/wp\/v2\/pages\/6235","targetHints":{"allow":["GET"]}}],"collection":[{"href":"https:\/\/www.valer-f.es\/ca\/wp-json\/wp\/v2\/pages"}],"about":[{"href":"https:\/\/www.valer-f.es\/ca\/wp-json\/wp\/v2\/types\/page"}],"author":[{"embeddable":true,"href":"https:\/\/www.valer-f.es\/ca\/wp-json\/wp\/v2\/users\/3"}],"replies":[{"embeddable":true,"href":"https:\/\/www.valer-f.es\/ca\/wp-json\/wp\/v2\/comments?post=6235"}],"version-history":[{"count":0,"href":"https:\/\/www.valer-f.es\/ca\/wp-json\/wp\/v2\/pages\/6235\/revisions"}],"wp:featuredmedia":[{"embeddable":true,"href":"https:\/\/www.valer-f.es\/ca\/wp-json\/wp\/v2\/media\/7053"}],"wp:attachment":[{"href":"https:\/\/www.valer-f.es\/ca\/wp-json\/wp\/v2\/media?parent=6235"}],"curies":[{"name":"wp","href":"https:\/\/api.w.org\/{rel}","templated":true}]}}