{"id":14752,"date":"2026-02-19T17:16:35","date_gmt":"2026-02-19T16:16:35","guid":{"rendered":"https:\/\/www.valer-f.es\/?page_id=14752"},"modified":"2026-02-24T15:11:16","modified_gmt":"2026-02-24T14:11:16","slug":"personal-investigador","status":"publish","type":"page","link":"https:\/\/www.valer-f.es\/ca\/personal-investigador\/","title":{"rendered":"Personal Investigador"},"content":{"rendered":"\t\t<div data-elementor-type=\"wp-page\" data-elementor-id=\"14752\" class=\"elementor elementor-14752 elementor-14727\" data-elementor-post-type=\"page\">\n\t\t\t\t\t\t<section class=\"elementor-section elementor-top-section elementor-element elementor-element-525f02d elementor-section-boxed elementor-section-height-default elementor-section-height-default\" data-id=\"525f02d\" data-element_type=\"section\" data-e-type=\"section\">\n\t\t\t\t\t\t<div class=\"elementor-container elementor-column-gap-wide\">\n\t\t\t\t\t<div class=\"elementor-column elementor-col-50 elementor-top-column elementor-element elementor-element-9c5d606\" data-id=\"9c5d606\" data-element_type=\"column\" data-e-type=\"column\" data-settings=\"{&quot;background_background&quot;:&quot;classic&quot;}\">\n\t\t\t<div class=\"elementor-widget-wrap elementor-element-populated\">\n\t\t\t\t\t\t<div class=\"elementor-element elementor-element-b69ad7e elementor-widget elementor-widget-image\" data-id=\"b69ad7e\" data-element_type=\"widget\" data-e-type=\"widget\" data-widget_type=\"image.default\">\n\t\t\t\t<div class=\"elementor-widget-container\">\n\t\t\t\t\t\t\t\t\t\t\t\t\t\t\t\t<a href=\"https:\/\/orcid.org\/0000-0002-9822-1092\" target=\"_blank\">\n\t\t\t\t\t\t\t<img fetchpriority=\"high\" decoding=\"async\" width=\"350\" height=\"350\" src=\"data:image\/svg+xml;charset=utf-8,%3Csvg xmlns%3D'http%3A%2F%2Fwww.w3.org%2F2000%2Fsvg' viewBox%3D'0 0 350 350'%2F%3E\" data-src=\"https:\/\/www.valer-f.es\/wp-content\/uploads\/2026\/02\/waer-el-deredy.png\" class=\"lazy-load attachment-full size-full wp-image-14732\" alt=\"Waer El-Deredy - ValER researcher\" data-srcset=\"https:\/\/www.valer-f.es\/wp-content\/uploads\/2026\/02\/waer-el-deredy.png 350w, https:\/\/www.valer-f.es\/wp-content\/uploads\/2026\/02\/waer-el-deredy-300x300.png 300w, https:\/\/www.valer-f.es\/wp-content\/uploads\/2026\/02\/waer-el-deredy-150x150.png 150w\" sizes=\"(max-width: 350px) 100vw, 350px\" \/>\t\t\t\t\t\t\t\t<\/a>\n\t\t\t\t\t\t\t\t\t\t\t\t\t\t\t<\/div>\n\t\t\t\t<\/div>\n\t\t\t\t<div class=\"elementor-element elementor-element-fbc084a elementor-widget elementor-widget-text-editor\" data-id=\"fbc084a\" data-element_type=\"widget\" data-e-type=\"widget\" data-widget_type=\"text-editor.default\">\n\t\t\t\t<div class=\"elementor-widget-container\">\n\t\t\t\t\t\t\t\t\t<p style=\"text-align: center;\"><strong>Enginyeria<\/strong><\/p>\t\t\t\t\t\t\t\t<\/div>\n\t\t\t\t<\/div>\n\t\t\t\t\t<\/div>\n\t\t<\/div>\n\t\t\t\t<div class=\"elementor-column elementor-col-50 elementor-top-column elementor-element elementor-element-003ca38\" data-id=\"003ca38\" data-element_type=\"column\" data-e-type=\"column\" data-settings=\"{&quot;background_background&quot;:&quot;classic&quot;}\">\n\t\t\t<div class=\"elementor-widget-wrap elementor-element-populated\">\n\t\t\t\t\t\t<section class=\"elementor-section elementor-inner-section elementor-element elementor-element-514d77e elementor-section-boxed elementor-section-height-default elementor-section-height-default\" data-id=\"514d77e\" data-element_type=\"section\" data-e-type=\"section\">\n\t\t\t\t\t\t<div class=\"elementor-container elementor-column-gap-default\">\n\t\t\t\t\t<div class=\"elementor-column elementor-col-100 elementor-inner-column elementor-element elementor-element-9b4d65a\" data-id=\"9b4d65a\" data-element_type=\"column\" data-e-type=\"column\">\n\t\t\t<div class=\"elementor-widget-wrap elementor-element-populated\">\n\t\t\t\t\t\t<div class=\"elementor-element elementor-element-4f66dc3 elementor-widget elementor-widget-text-editor\" data-id=\"4f66dc3\" data-element_type=\"widget\" data-e-type=\"widget\" data-widget_type=\"text-editor.default\">\n\t\t\t\t<div class=\"elementor-widget-container\">\n\t\t\t\t\t\t\t\t\t<h2><a href=\"https:\/\/orcid.org\/0000-0002-9822-1092\" target=\"_blank\" rel=\"noopener\">Wael El-Deredy<\/a><\/h2>\t\t\t\t\t\t\t\t<\/div>\n\t\t\t\t<\/div>\n\t\t\t\t<div class=\"elementor-element elementor-element-3dfcef1 elementor-widget elementor-widget-text-editor\" data-id=\"3dfcef1\" data-element_type=\"widget\" data-e-type=\"widget\" data-widget_type=\"text-editor.default\">\n\t\t\t\t<div class=\"elementor-widget-container\">\n\t\t\t\t\t\t\t\t\t<p>Escola de Postgrau i Xarxa de Centres D&#8217;Investigaci\u00f3 en Intel\u00b7lig\u00e9ncia Artificial, Fundaci\u00f3 de la Comunitat Valenciana (ValgrAI)<\/p><p><a href=\"https:\/\/orcid.org\/0000-0002-9822-1092\" target=\"_blank\" rel=\"noopener\">https:\/\/orcid.org\/0000-0002-9822-1092<\/a><\/p><p><a href=\"mailto:wael.deredy@valer-f.es\">wael.deredy@valer-f.es<\/a><\/p>\t\t\t\t\t\t\t\t<\/div>\n\t\t\t\t<\/div>\n\t\t\t\t<div class=\"elementor-element elementor-element-bffa895 elementor-widget elementor-widget-heading\" data-id=\"bffa895\" data-element_type=\"widget\" data-e-type=\"widget\" data-widget_type=\"heading.default\">\n\t\t\t\t<div class=\"elementor-widget-container\">\n\t\t\t\t\t<h3 class=\"elementor-heading-title elementor-size-default\">Breu biografia<\/h3>\t\t\t\t<\/div>\n\t\t\t\t<\/div>\n\t\t\t\t<div class=\"elementor-element elementor-element-a500d48 elementor-widget elementor-widget-text-editor\" data-id=\"a500d48\" data-element_type=\"widget\" data-e-type=\"widget\" data-widget_type=\"text-editor.default\">\n\t\t\t\t<div class=\"elementor-widget-container\">\n\t\t\t\t\t\t\t\t\t<p>El Prof. Wael El-Deredy es va graduar en Enginyeria El\u00e8ctrica en 1988 en la Universitat Ain Shams, el Caire (Egipte), i va obtindre el seu t\u00edtol de doctorat (Ph.D.) en Neurocomputaci\u00f3 en l&#8217;Imperial College de Londres (el Regne Unit).<\/p><p>En 2005 va ser nomenat Professor Titular en Neuroci\u00e8ncia Computacional en la Universitat de Manchester i en 2012 va passar a ser Professor d&#8217;Electrofisiologia Cognitiva en la Facultat de Medicina. Des de 2018 \u00e9s Professor d&#8217;Enginyeria Biom\u00e8dica i Director del Centre d&#8217;I+D en Enginyeria en Salut en la Universitat de Valpara\u00edso (Xile).<\/p><p>La investigaci\u00f3 de Wael El-Deredy aplica principis de l&#8217;enginyeria als sistemes neuronals, integrant modelatge biof\u00edsic, processament de senyals i infer\u00e8ncia probabil\u00edstica per a comprendre la din\u00e0mica cerebral. El seu treball impulsa la neuroienginyer\u00eda, les interf\u00edcies cervell-computador i les aplicacions cl\u00edniques mitjan\u00e7ant la integraci\u00f3 de models generatius biof\u00edsics i basats en dades de la funci\u00f3 cerebral.<\/p>\t\t\t\t\t\t\t\t<\/div>\n\t\t\t\t<\/div>\n\t\t\t\t\t<\/div>\n\t\t<\/div>\n\t\t\t\t\t<\/div>\n\t\t<\/section>\n\t\t\t\t\t<\/div>\n\t\t<\/div>\n\t\t\t\t\t<\/div>\n\t\t<\/section>\n\t\t\t\t<\/div>\n\t\t","protected":false},"excerpt":{"rendered":"<p>Enginyeria Wael El-Deredy Escola de Postgrau i Xarxa de Centres D&#8217;Investigaci\u00f3 en Intel\u00b7lig\u00e9ncia Artificial, Fundaci\u00f3 de la Comunitat Valenciana (ValgrAI) https:\/\/orcid.org\/0000-0002-9822-1092 wael.deredy@valer-f.es Breu biografia El Prof. Wael El-Deredy es va graduar en Enginyeria El\u00e8ctrica en 1988 en la Universitat Ain Shams, el Caire (Egipte), i va obtindre el seu t\u00edtol de doctorat (Ph.D.) en Neurocomputaci\u00f3&hellip;<\/p>\n","protected":false},"author":3,"featured_media":8335,"parent":0,"menu_order":0,"comment_status":"closed","ping_status":"closed","template":"","meta":{"footnotes":""},"class_list":["post-14752","page","type-page","status-publish","has-post-thumbnail","hentry"],"_links":{"self":[{"href":"https:\/\/www.valer-f.es\/ca\/wp-json\/wp\/v2\/pages\/14752","targetHints":{"allow":["GET"]}}],"collection":[{"href":"https:\/\/www.valer-f.es\/ca\/wp-json\/wp\/v2\/pages"}],"about":[{"href":"https:\/\/www.valer-f.es\/ca\/wp-json\/wp\/v2\/types\/page"}],"author":[{"embeddable":true,"href":"https:\/\/www.valer-f.es\/ca\/wp-json\/wp\/v2\/users\/3"}],"replies":[{"embeddable":true,"href":"https:\/\/www.valer-f.es\/ca\/wp-json\/wp\/v2\/comments?post=14752"}],"version-history":[{"count":12,"href":"https:\/\/www.valer-f.es\/ca\/wp-json\/wp\/v2\/pages\/14752\/revisions"}],"predecessor-version":[{"id":14803,"href":"https:\/\/www.valer-f.es\/ca\/wp-json\/wp\/v2\/pages\/14752\/revisions\/14803"}],"wp:featuredmedia":[{"embeddable":true,"href":"https:\/\/www.valer-f.es\/ca\/wp-json\/wp\/v2\/media\/8335"}],"wp:attachment":[{"href":"https:\/\/www.valer-f.es\/ca\/wp-json\/wp\/v2\/media?parent=14752"}],"curies":[{"name":"wp","href":"https:\/\/api.w.org\/{rel}","templated":true}]}}