{"id":12318,"date":"2023-12-21T16:15:38","date_gmt":"2023-12-21T15:15:38","guid":{"rendered":"https:\/\/www.valer-f.es\/?page_id=12318"},"modified":"2026-05-06T11:10:14","modified_gmt":"2026-05-06T09:10:14","slug":"ocupacio","status":"publish","type":"page","link":"https:\/\/www.valer-f.es\/ca\/ocupacio\/","title":{"rendered":"Ocupaci\u00f3"},"content":{"rendered":"\t\t<div data-elementor-type=\"wp-page\" data-elementor-id=\"12318\" class=\"elementor elementor-12318 elementor-12316\" data-elementor-post-type=\"page\">\n\t\t\t\t\t\t<section class=\"elementor-section elementor-top-section elementor-element elementor-element-122969c elementor-section-height-min-height elementor-section-stretched header-img-bk-img elementor-section-boxed elementor-section-height-default elementor-section-items-middle elementor-invisible\" data-id=\"122969c\" data-element_type=\"section\" data-e-type=\"section\" data-settings=\"{&quot;background_background&quot;:&quot;classic&quot;,&quot;background_motion_fx_motion_fx_scrolling&quot;:&quot;yes&quot;,&quot;background_motion_fx_translateY_effect&quot;:&quot;yes&quot;,&quot;background_motion_fx_translateY_direction&quot;:&quot;negative&quot;,&quot;stretch_section&quot;:&quot;section-stretched&quot;,&quot;animation&quot;:&quot;fadeIn&quot;,&quot;animation_delay&quot;:250,&quot;background_motion_fx_translateY_speed&quot;:{&quot;unit&quot;:&quot;px&quot;,&quot;size&quot;:4,&quot;sizes&quot;:[]},&quot;background_motion_fx_translateY_affectedRange&quot;:{&quot;unit&quot;:&quot;%&quot;,&quot;size&quot;:&quot;&quot;,&quot;sizes&quot;:{&quot;start&quot;:0,&quot;end&quot;:100}},&quot;background_motion_fx_devices&quot;:[&quot;desktop&quot;,&quot;tablet&quot;,&quot;mobile&quot;]}\">\n\t\t\t\t\t\t\t<div class=\"elementor-background-overlay\"><\/div>\n\t\t\t\t\t\t\t<div class=\"elementor-container elementor-column-gap-default\">\n\t\t\t\t\t<div class=\"elementor-column elementor-col-100 elementor-top-column elementor-element elementor-element-10348a3\" data-id=\"10348a3\" data-element_type=\"column\" data-e-type=\"column\">\n\t\t\t<div class=\"elementor-widget-wrap\">\n\t\t\t\t\t\t\t<\/div>\n\t\t<\/div>\n\t\t\t\t\t<\/div>\n\t\t<\/section>\n\t\t\t\t<section class=\"elementor-section elementor-top-section elementor-element elementor-element-1956e2f elementor-section-full_width elementor-section-stretched elementor-section-height-default elementor-section-height-default elementor-invisible\" data-id=\"1956e2f\" data-element_type=\"section\" data-e-type=\"section\" data-settings=\"{&quot;background_background&quot;:&quot;classic&quot;,&quot;animation&quot;:&quot;fadeIn&quot;,&quot;stretch_section&quot;:&quot;section-stretched&quot;}\">\n\t\t\t\t\t\t<div class=\"elementor-container elementor-column-gap-default\">\n\t\t\t\t\t<div class=\"elementor-column elementor-col-100 elementor-top-column elementor-element elementor-element-9bf6f89\" data-id=\"9bf6f89\" data-element_type=\"column\" data-e-type=\"column\">\n\t\t\t<div class=\"elementor-widget-wrap elementor-element-populated\">\n\t\t\t\t\t\t<div class=\"elementor-element elementor-element-cf6d63a header-img-page-title elementor-widget elementor-widget-heading\" data-id=\"cf6d63a\" data-element_type=\"widget\" data-e-type=\"widget\" data-widget_type=\"heading.default\">\n\t\t\t\t<div class=\"elementor-widget-container\">\n\t\t\t\t\t<h1 class=\"elementor-heading-title elementor-size-default\">Ocupaci\u00f3<\/h1>\t\t\t\t<\/div>\n\t\t\t\t<\/div>\n\t\t\t\t\t<\/div>\n\t\t<\/div>\n\t\t\t\t\t<\/div>\n\t\t<\/section>\n\t\t\t\t<section class=\"elementor-section elementor-top-section elementor-element elementor-element-46ada6a elementor-section-boxed elementor-section-height-default elementor-section-height-default\" data-id=\"46ada6a\" data-element_type=\"section\" data-e-type=\"section\">\n\t\t\t\t\t\t<div class=\"elementor-container elementor-column-gap-default\">\n\t\t\t\t\t<div class=\"elementor-column elementor-col-100 elementor-top-column elementor-element elementor-element-db4b83b\" data-id=\"db4b83b\" data-element_type=\"column\" data-e-type=\"column\">\n\t\t\t<div class=\"elementor-widget-wrap elementor-element-populated\">\n\t\t\t\t\t\t<div class=\"elementor-element elementor-element-02b3773 elementor-widget elementor-widget-heading\" data-id=\"02b3773\" data-element_type=\"widget\" data-e-type=\"widget\" data-widget_type=\"heading.default\">\n\t\t\t\t<div class=\"elementor-widget-container\">\n\t\t\t\t\t<h2 class=\"elementor-heading-title elementor-size-default\">CONVOCAT\u00d2RIA PROC\u00c9S SELECTIU PER A LA COBERTURA, COM A PERSONAL LABORAL INDEFINIT, D'UN LLOC DE COORDINADOR\/A D'INVESTIGACI\u00d3, EN TORN LLIURE I PEL SISTEMA DE CONCURS OPOSICI\u00d3 (LLOC 7 RPT).<\/h2>\t\t\t\t<\/div>\n\t\t\t\t<\/div>\n\t\t\t\t<div class=\"elementor-element elementor-element-13e9bfc elementor-widget elementor-widget-text-editor\" data-id=\"13e9bfc\" data-element_type=\"widget\" data-e-type=\"widget\" data-widget_type=\"text-editor.default\">\n\t\t\t\t<div class=\"elementor-widget-container\">\n\t\t\t\t\t\t\t\t\t<h3><strong>(CONVOCAT\u00d2RIA 01\/2026)<\/strong><\/h3>\t\t\t\t\t\t\t\t<\/div>\n\t\t\t\t<\/div>\n\t\t\t\t<div class=\"elementor-element elementor-element-b08f1cd elementor-widget elementor-widget-spacer\" data-id=\"b08f1cd\" data-element_type=\"widget\" data-e-type=\"widget\" data-widget_type=\"spacer.default\">\n\t\t\t\t<div class=\"elementor-widget-container\">\n\t\t\t\t\t\t\t<div class=\"elementor-spacer\">\n\t\t\t<div class=\"elementor-spacer-inner\"><\/div>\n\t\t<\/div>\n\t\t\t\t\t\t<\/div>\n\t\t\t\t<\/div>\n\t\t\t\t<div class=\"elementor-element elementor-element-ce8c5c1 elementor-widget elementor-widget-text-editor\" data-id=\"ce8c5c1\" data-element_type=\"widget\" data-e-type=\"widget\" data-widget_type=\"text-editor.default\">\n\t\t\t\t<div class=\"elementor-widget-container\">\n\t\t\t\t\t\t\t\t\t<p><strong>Data publicaci\u00f3 DOGV:<\/strong> 10 de febrer de 2026 (DOGV n\u00famero <span style=\"text-decoration: underline;\"><a href=\"https:\/\/dogv.gva.es\/datos\/2026\/02\/10\/pdf\/2026_2041_va.pdf\" target=\"_blank\" rel=\"noopener\">2026\/2041<\/a><\/span>)<\/p><p><strong>Termini de presentaci\u00f3 de sol\u00b7licituds:<\/strong> del 11 de febrer al 10 de mar\u00e7 de 2026 els dos inclusivament<\/p><p><strong>Mode de presentaci\u00f3 de la documentaci\u00f3:<\/strong> a trav\u00e9s de correu electr\u00f2nic <a href=\"mailto:call@valer-f.es\">call@valer-f.es<\/a><\/p><p><strong>Funcions: <\/strong>Coordinaci\u00f3, programaci\u00f3 i gesti\u00f3 de projectes relacionats amb la promoci\u00f3 de la I+D+i, l&#8217;atracci\u00f3 de talent i l&#8217;excel\u00b7l\u00e8ncia investigadora. Sota la supervisi\u00f3 d&#8217;un\/a superior\/a executa tasques assignades amb autonomia m\u00e0xima.<\/p><p><strong>Retribuci\u00f3 bruta anual:<\/strong> 54.697 euros<\/p><p><strong>Tipus de contracte:<\/strong> indefinit<\/p><p><strong>Lloc de treball:<\/strong> seu Fundaci\u00f3 ValER a Castell\u00f3 de la Plana<\/p>\t\t\t\t\t\t\t\t<\/div>\n\t\t\t\t<\/div>\n\t\t\t\t<div class=\"elementor-element elementor-element-0008ef8 elementor-widget elementor-widget-text-editor\" data-id=\"0008ef8\" data-element_type=\"widget\" data-e-type=\"widget\" data-widget_type=\"text-editor.default\">\n\t\t\t\t<div class=\"elementor-widget-container\">\n\t\t\t\t\t\t\t\t\t<p><strong>RECOMANACIONS:<\/strong><\/p><ul><li>Llitja detingudament las BASES DE LA CONVOCAT\u00d2RIA posant especial atenci\u00f3 en la forma i documents a presentar.<\/li><li>Recorde que els documents de SOL\u00b7LICITUD D&#8217;ADMISSI\u00d3 EN PROC\u00c9S SELECTIU i la DECLARACI\u00d3 RESPONSABLE DE VERACITAT DE DADES I COMPLIMENT DE REQUISITS han de firmar-se digitalment.<\/li><li>Abans d&#8217;enviar la seua sol\u00b7licitud, revise la documentaci\u00f3 presentada, ja que la seua candidatura ser\u00e0 admesa \u00fanicament quan es comprove que la documentaci\u00f3 compleix amb tots els requisits exposats en la convocat\u00f2ria.<\/li><li><strong>Despr\u00e9s d&#8217;enviar la seua sol\u00b7licitud, rebr\u00e0 un correu de confirmaci\u00f3 indicant el n\u00famero de refer\u00e8ncia de la seua candidatura. En cas de no rebre-ho, per favor, contacte en el correu electr\u00f2nic: <a href=\"mailto:call@valer-f.es\">call@valer-f.es<\/a><\/strong><\/li><\/ul>\t\t\t\t\t\t\t\t<\/div>\n\t\t\t\t<\/div>\n\t\t\t\t<div class=\"elementor-element elementor-element-59d3a31 elementor-widget elementor-widget-text-editor\" data-id=\"59d3a31\" data-element_type=\"widget\" data-e-type=\"widget\" data-widget_type=\"text-editor.default\">\n\t\t\t\t<div class=\"elementor-widget-container\">\n\t\t\t\t\t\t\t\t\t<p><strong>DOCUMENTACI\u00d3:<\/strong><\/p><ul><li><a href=\"https:\/\/www.valer-f.es\/wp-content\/uploads\/docs\/empleo\/01.TEXTO_CONVOCATORIA_25-011810_trad.pdf\" target=\"_blank\" rel=\"noopener\">BASES DE LA CONVOCAT\u00d2RIA<\/a><\/li><li><a href=\"https:\/\/www.valer-f.es\/wp-content\/uploads\/docs\/empleo\/03.MODELO_INSCRIPCION_25-011813_trad.docx\" target=\"_blank\" rel=\"noopener\">SOL\u00b7LICITUD D&#8217;ADMISSI\u00d3 EN PROC\u00c9S SELECTIU<\/a><\/li><li><a href=\"https:\/\/www.valer-f.es\/wp-content\/uploads\/docs\/empleo\/02.MODELO_DEC_RESPONSABLE_25-011811_trad.docx\" target=\"_blank\" rel=\"noopener\">DECLARACI\u00d3 RESPONSABLE DE VERACITAT DE DADES I COMPLIMENT DE REQUISITS<\/a><\/li><li><a href=\"https:\/\/www.valer-f.es\/wp-content\/uploads\/docs\/empleo\/04.ANEXO-BAREMO_25-011812_trad.xlsx\" target=\"_blank\" rel=\"noopener\">AUTOBAREMACI\u00d3 CONV.01\/2026<\/a><\/li><li><a href=\"https:\/\/www.valer-f.es\/wp-content\/uploads\/docs\/empleo\/llistat-provisional-de-persones-admeses-i-excloses.pdf\" target=\"_blank\" rel=\"noopener\">LLISTAT PROVISIONAL DE PERSONES ADMESES I EXCLOSES<\/a><\/li><li><a href=\"https:\/\/www.valer-f.es\/wp-content\/uploads\/docs\/empleo\/Publicacio-Organ-Tecnic-de-Seleccio-DOGV-OTS-2026-10054.pdf\" target=\"_blank\" rel=\"noopener\">PUBLICACI\u00d3 \u00d2RGAN T\u00c8CNIC DE SELECCI\u00d3<\/a><\/li><li><a href=\"https:\/\/www.valer-f.es\/wp-content\/uploads\/docs\/empleo\/LLISTAT-DEFINITIU-DE-PERSONES-ADMESES-I-EXCLOSES.pdf\" target=\"_blank\" rel=\"noopener\">LLISTAT DEFINITIU DE PERSONES ADMESES I EXCLOSES<\/a><\/li><li><a href=\"https:\/\/www.valer-f.es\/wp-content\/uploads\/docs\/empleo\/CONVOCATORIA-EXAMEN-FASE-OPOSICIO.pdf\" target=\"_blank\" rel=\"noopener\">CONVOCAT\u00d2RIA D&#8217;EXAMEN FASE OPOSICI\u00d3<\/a><\/li><li><a href=\"https:\/\/www.valer-f.es\/wp-content\/uploads\/docs\/empleo\/CUADERNILLO-EXAMEN-EJERCICIO-1.pdf\" target=\"_blank\" rel=\"noopener\">QUADERNET EXAMEN EXERCICI 1<\/a><\/li><li><a href=\"https:\/\/www.valer-f.es\/wp-content\/uploads\/docs\/empleo\/RESPUESTAS-EJERCICIO-1.pdf\" target=\"_blank\" rel=\"noopener\">RESPOSTES EXERCICI 1<\/a><\/li><li><a href=\"https:\/\/www.valer-f.es\/wp-content\/uploads\/docs\/empleo\/CUADERNILLO-EXAMEN-EJERCICIO-2.pdf\" target=\"_blank\" rel=\"noopener\">QUADERNET EXAMEN EXERCICI 2<\/a><\/li><li><a href=\"https:\/\/www.valer-f.es\/wp-content\/uploads\/docs\/empleo\/EXAMEN-EJERCICIO-2.pdf\" target=\"_blank\" rel=\"noopener\">EXAMEN EXERCICI 2<\/a><\/li><\/ul>\t\t\t\t\t\t\t\t<\/div>\n\t\t\t\t<\/div>\n\t\t\t\t\t<\/div>\n\t\t<\/div>\n\t\t\t\t\t<\/div>\n\t\t<\/section>\n\t\t\t\t<section class=\"elementor-section elementor-top-section elementor-element elementor-element-cb9d65e elementor-section-boxed elementor-section-height-default elementor-section-height-default\" data-id=\"cb9d65e\" data-element_type=\"section\" data-e-type=\"section\">\n\t\t\t\t\t\t<div class=\"elementor-container elementor-column-gap-default\">\n\t\t\t\t\t<div class=\"elementor-column elementor-col-100 elementor-top-column elementor-element elementor-element-2149f25\" data-id=\"2149f25\" data-element_type=\"column\" data-e-type=\"column\">\n\t\t\t<div class=\"elementor-widget-wrap elementor-element-populated\">\n\t\t\t\t\t\t<div class=\"elementor-element elementor-element-360a7db elementor-widget-divider--view-line elementor-widget elementor-widget-divider\" data-id=\"360a7db\" data-element_type=\"widget\" data-e-type=\"widget\" data-widget_type=\"divider.default\">\n\t\t\t\t<div class=\"elementor-widget-container\">\n\t\t\t\t\t\t\t<div class=\"elementor-divider\">\n\t\t\t<span class=\"elementor-divider-separator\">\n\t\t\t\t\t\t<\/span>\n\t\t<\/div>\n\t\t\t\t\t\t<\/div>\n\t\t\t\t<\/div>\n\t\t\t\t\t<\/div>\n\t\t<\/div>\n\t\t\t\t\t<\/div>\n\t\t<\/section>\n\t\t\t\t<\/div>\n\t\t","protected":false},"excerpt":{"rendered":"<p>CONVOCAT\u00d2RIA PROC\u00c9S SELECTIU PER A LA COBERTURA, COM A PERSONAL LABORAL INDEFINIT, D&#8217;UN LLOC DE COORDINADOR\/A D&#8217;INVESTIGACI\u00d3, EN TORN LLIURE I PEL SISTEMA DE CONCURS OPOSICI\u00d3 (LLOC 7 RPT). (CONVOCAT\u00d2RIA 01\/2026) Data publicaci\u00f3 DOGV: 10 de febrer de 2026 (DOGV n\u00famero 2026\/2041) Termini de presentaci\u00f3 de sol\u00b7licituds: del 11 de febrer al 10 de mar\u00e7&hellip;<\/p>\n","protected":false},"author":3,"featured_media":7059,"parent":0,"menu_order":0,"comment_status":"closed","ping_status":"closed","template":"","meta":{"footnotes":""},"class_list":["post-12318","page","type-page","status-publish","has-post-thumbnail","hentry"],"_links":{"self":[{"href":"https:\/\/www.valer-f.es\/ca\/wp-json\/wp\/v2\/pages\/12318","targetHints":{"allow":["GET"]}}],"collection":[{"href":"https:\/\/www.valer-f.es\/ca\/wp-json\/wp\/v2\/pages"}],"about":[{"href":"https:\/\/www.valer-f.es\/ca\/wp-json\/wp\/v2\/types\/page"}],"author":[{"embeddable":true,"href":"https:\/\/www.valer-f.es\/ca\/wp-json\/wp\/v2\/users\/3"}],"replies":[{"embeddable":true,"href":"https:\/\/www.valer-f.es\/ca\/wp-json\/wp\/v2\/comments?post=12318"}],"version-history":[{"count":3,"href":"https:\/\/www.valer-f.es\/ca\/wp-json\/wp\/v2\/pages\/12318\/revisions"}],"predecessor-version":[{"id":15197,"href":"https:\/\/www.valer-f.es\/ca\/wp-json\/wp\/v2\/pages\/12318\/revisions\/15197"}],"wp:featuredmedia":[{"embeddable":true,"href":"https:\/\/www.valer-f.es\/ca\/wp-json\/wp\/v2\/media\/7059"}],"wp:attachment":[{"href":"https:\/\/www.valer-f.es\/ca\/wp-json\/wp\/v2\/media?parent=12318"}],"curies":[{"name":"wp","href":"https:\/\/api.w.org\/{rel}","templated":true}]}}